{"id":3340,"date":"2018-10-28T17:05:02","date_gmt":"2018-10-28T17:05:02","guid":{"rendered":"https:\/\/iconostudiografico.com\/?page_id=3340"},"modified":"2024-07-02T01:20:55","modified_gmt":"2024-07-02T01:20:55","slug":"diseno-grafico","status":"publish","type":"page","link":"https:\/\/iconostudiografico.com\/en\/diseno-grafico\/","title":{"rendered":"graphic design"},"content":{"rendered":"<section  class=\"content-section full-width with-col cover rella-no-padding rella-no-margin    content-section-69e76a9446387\"><div class=\"row vc_row-fluid\"><div class=\"wpb_column col-md-12\"><section  class=\"content-section full-width with-col cover rella-no-padding rella-no-margin    content-section-69e76a94465e0\"><div class=\"row vc_row-fluid\"><div class=\"wpb_column col-md-12\"><div class=\"vc_empty_space\"   style=\"height: 32px\" ><span class=\"vc_empty_space_inner\"><\/span><\/div>\n<div class=\"section-text text-block\" ><script>\t\tjQuery(function() {\/*setTimeout(function(){*\/\t\t\tjQuery(\"#lbg_famous_gallery_3\").gallery1({\t\t\t\twidth:1400,\t\t\t\theight:600,\t\t\t\twidth100Proc:false,\t\t\t\theight100Proc:false,\t\t\t\trows:3,\t\t\t\tcolumns:5,\t\t\t\tcenterGallery:true,\t\t\t\tgutter:1,\t\t\t\tgalleryBg:\"#0a090a\",\t\t\t\titemBorderWidth:0,\t\t\t\titemBorderColorOFF:\"transparent\",\t\t\t\titemBorderColorON:\"#FF0000\",\t\t\t\tshowImageDescription:true,\t\t\t\timageDescriptionBgColor:\"#000000\",\t\t\t\timageDescriptionBgOpacity:30,\t\t\t\timageDescriptionTextColor:\"#FFFFFF\",\t\t\t\tshowIconOverImage:true,\t\t\t\tzoomDuration:1,\t\t\t\tzoomEffect:\"easeOutCubic\",\t\t\t\ttarget:\"_blank\",\t\t\t\tbgHorizontalPosition:\"center\",\t\t\t\tbgVerticalPosition:\"center\",\t\t\t\tfacebookAppID:\"\"\t\t\t});\/*\t\t}, 1000);*\/\/*}, 850);*\/\t\t});\t<\/script>    <div id=\"lbg_famous_gallery_3\">\t\t\t\t<ul class=\"gallery1_list\">\t\t\t\t\t\t\t\t\t\t\t\t<li data-horizontal=\"center\" data-vertical=\"center\" data-link=\"\" data-lightbox=\"\" data-title=\"\" data-description=\"\">\t\t\t\t\t\t\t\t\t\t<img loading=\"lazy\" decoding=\"async\" src=\"https:\/\/iconostudiografico.com\/wp-content\/uploads\/2022\/06\/proyectomattepainting-original.jpg\" alt=\" - \" width=\"1440\" height=\"720\" style=\"width:1440px; height:720px;\" title=\" - \" \/>\t\t\t\t\t\t\t\t<\/li>\t\t\t\t\t\t\t\t\t\t\t\t\t\t\t\t<li data-horizontal=\"center\" data-vertical=\"center\" data-link=\"\" data-lightbox=\"\" data-title=\"\" data-description=\"\">\t\t\t\t\t\t\t\t\t\t<img loading=\"lazy\" decoding=\"async\" src=\"https:\/\/iconostudiografico.com\/wp-content\/uploads\/2022\/06\/Caja-tridiabingo.jpg\" alt=\" - \" width=\"800\" height=\"533\" style=\"width:800px; height:533px;\" title=\" - \" \/>\t\t\t\t\t\t\t\t<\/li>\t\t\t\t\t\t\t\t\t\t\t\t\t\t\t\t<li data-horizontal=\"center\" data-vertical=\"center\" data-link=\"\" data-lightbox=\"\" data-title=\"\" data-description=\"\">\t\t\t\t\t\t\t\t\t\t<img loading=\"lazy\" decoding=\"async\" src=\"https:\/\/iconostudiografico.com\/wp-content\/uploads\/2022\/06\/cartas-tridiabingo.jpg\" alt=\" - \" width=\"800\" height=\"533\" style=\"width:800px; height:533px;\" title=\" - \" \/>\t\t\t\t\t\t\t\t<\/li>\t\t\t\t\t\t\t\t\t\t\t\t\t\t\t\t<li data-horizontal=\"center\" data-vertical=\"center\" data-link=\"\" data-lightbox=\"\" data-title=\"\" data-description=\"\">\t\t\t\t\t\t\t\t\t\t<img loading=\"lazy\" decoding=\"async\" src=\"https:\/\/iconostudiografico.com\/wp-content\/uploads\/2018\/11\/Sylvania-Cata\u0301logo.png\" alt=\" - \" width=\"800\" height=\"800\" style=\"width:800px; height:800px;\" title=\" - \" \/>\t\t\t\t\t\t\t\t<\/li>\t\t\t\t\t\t\t\t\t\t\t\t\t\t\t\t<li data-horizontal=\"center\" data-vertical=\"center\" data-link=\"\" data-lightbox=\"\" data-title=\"\" data-description=\"\">\t\t\t\t\t\t\t\t\t\t<img loading=\"lazy\" decoding=\"async\" src=\"https:\/\/iconostudiografico.com\/wp-content\/uploads\/2022\/06\/Tarjeta-dos.jpg\" alt=\" - \" width=\"800\" height=\"533\" style=\"width:800px; height:533px;\" title=\" - \" \/>\t\t\t\t\t\t\t\t<\/li>\t\t\t\t\t\t\t\t\t\t\t\t\t\t\t\t<li data-horizontal=\"center\" data-vertical=\"center\" data-link=\"\" data-lightbox=\"\" data-title=\"\" data-description=\"\">\t\t\t\t\t\t\t\t\t\t<img loading=\"lazy\" decoding=\"async\" src=\"https:\/\/iconostudiografico.com\/wp-content\/uploads\/2018\/10\/Identidad-Corporativa.png\" alt=\" - \" width=\"900\" height=\"600\" style=\"width:900px; height:600px;\" title=\" - \" \/>\t\t\t\t\t\t\t\t<\/li>\t\t\t\t\t\t\t\t\t\t\t\t\t\t\t\t<li data-horizontal=\"center\" data-vertical=\"center\" data-link=\"\" data-lightbox=\"\" data-title=\"\" data-description=\"\">\t\t\t\t\t\t\t\t\t\t<img loading=\"lazy\" decoding=\"async\" src=\"https:\/\/iconostudiografico.com\/wp-content\/uploads\/2022\/06\/apple.jpg\" alt=\" - \" width=\"800\" height=\"800\" style=\"width:800px; height:800px;\" title=\" - \" \/>\t\t\t\t\t\t\t\t<\/li>\t\t\t\t\t\t\t\t\t\t\t\t\t\t\t\t<li data-horizontal=\"center\" data-vertical=\"center\" data-link=\"\" data-lightbox=\"\" data-title=\"\" data-description=\"\">\t\t\t\t\t\t\t\t\t\t<img loading=\"lazy\" decoding=\"async\" src=\"https:\/\/iconostudiografico.com\/wp-content\/uploads\/2022\/06\/Branding-camion.jpg\" alt=\" - \" width=\"800\" height=\"415\" style=\"width:800px; height:415px;\" title=\" - \" \/>\t\t\t\t\t\t\t\t<\/li>\t\t\t\t\t\t\t\t\t\t\t\t\t\t\t\t<li data-horizontal=\"center\" data-vertical=\"center\" data-link=\"\" data-lightbox=\"\" data-title=\"\" data-description=\"\">\t\t\t\t\t\t\t\t\t\t<img loading=\"lazy\" decoding=\"async\" src=\"https:\/\/iconostudiografico.com\/wp-content\/uploads\/2022\/06\/detergente.jpg\" alt=\" - \" width=\"800\" height=\"1067\" style=\"width:800px; height:1067px;\" title=\" - \" \/>\t\t\t\t\t\t\t\t<\/li>\t\t\t\t\t\t\t\t\t\t\t\t\t\t\t\t<li data-horizontal=\"center\" data-vertical=\"center\" data-link=\"\" data-lightbox=\"\" data-title=\"\" data-description=\"\">\t\t\t\t\t\t\t\t\t\t<img loading=\"lazy\" decoding=\"async\" src=\"https:\/\/iconostudiografico.com\/wp-content\/uploads\/2022\/06\/fluid-maz-catalogo.jpg\" alt=\" - \" width=\"800\" height=\"533\" style=\"width:800px; height:533px;\" title=\" - \" \/>\t\t\t\t\t\t\t\t<\/li>\t\t\t\t\t\t\t\t\t\t\t\t\t\t\t\t<li data-horizontal=\"center\" data-vertical=\"center\" data-link=\"\" data-lightbox=\"\" data-title=\"\" data-description=\"\">\t\t\t\t\t\t\t\t\t\t<img loading=\"lazy\" decoding=\"async\" src=\"https:\/\/iconostudiografico.com\/wp-content\/uploads\/2022\/06\/manual-de-marca.jpg\" alt=\" - \" width=\"800\" height=\"526\" style=\"width:800px; height:526px;\" title=\" - \" \/>\t\t\t\t\t\t\t\t<\/li>\t\t\t\t\t\t\t\t\t\t\t\t\t\t\t\t<li data-horizontal=\"center\" data-vertical=\"center\" data-link=\"\" data-lightbox=\"\" data-title=\"400 A\u00f1os de Fe y Arte\" data-description=\"Dise\u00f1o y diagramaci\u00f3n \">\t\t\t\t\t\t\t\t\t\t<img loading=\"lazy\" decoding=\"async\" src=\"https:\/\/iconostudiografico.com\/wp-content\/uploads\/2018\/11\/400-Centurias-La-Merced.png\" alt=\"400 A\u00f1os de Fe y Arte - Dise\u00f1o y diagramaci\u00f3n \" width=\"800\" height=\"800\" style=\"width:800px; height:800px;\" title=\"400 A\u00f1os de Fe y Arte - Dise\u00f1o y diagramaci\u00f3n \" \/>\t\t\t\t\t\t\t\t<\/li>\t\t\t\t\t\t\t\t\t\t\t\t\t\t\t\t<li data-horizontal=\"center\" data-vertical=\"center\" data-link=\"\" data-lightbox=\"\" data-title=\"\" data-description=\"\">\t\t\t\t\t\t\t\t\t\t<img loading=\"lazy\" decoding=\"async\" src=\"https:\/\/iconostudiografico.com\/wp-content\/uploads\/2018\/11\/Agenda-Mercedarios.png\" alt=\" - \" width=\"800\" height=\"800\" style=\"width:800px; height:800px;\" title=\" - \" \/>\t\t\t\t\t\t\t\t<\/li>\t\t\t\t\t\t\t\t\t\t\t\t\t\t\t\t<li data-horizontal=\"center\" data-vertical=\"center\" data-link=\"\" data-lightbox=\"\" data-title=\"\" data-description=\"\">\t\t\t\t\t\t\t\t\t\t<img loading=\"lazy\" decoding=\"async\" src=\"https:\/\/iconostudiografico.com\/wp-content\/uploads\/2022\/06\/invitaciones.jpg\" alt=\" - \" width=\"800\" height=\"600\" style=\"width:800px; height:600px;\" title=\" - \" \/>\t\t\t\t\t\t\t\t<\/li>\t\t\t\t\t\t\t\t\t\t\t\t\t\t\t\t<li data-horizontal=\"center\" data-vertical=\"center\" data-link=\"\" data-lightbox=\"\" data-title=\"\" data-description=\"\">\t\t\t\t\t\t\t\t\t\t<img loading=\"lazy\" decoding=\"async\" src=\"https:\/\/iconostudiografico.com\/wp-content\/uploads\/2021\/09\/fond-colage.png\" alt=\" - \" width=\"800\" height=\"900\" style=\"width:800px; height:900px;\" title=\" - \" \/>\t\t\t\t\t\t\t\t<\/li>\t\t\t\t\t\t\t\t\t\t\t\t\t\t\t\t<li data-horizontal=\"center\" data-vertical=\"center\" data-link=\"\" data-lightbox=\"\" data-title=\"\" data-description=\"\">\t\t\t\t\t\t\t\t\t\t<img loading=\"lazy\" decoding=\"async\" src=\"https:\/\/iconostudiografico.com\/wp-content\/uploads\/2018\/12\/image_12.jpg\" alt=\" - \" width=\"1210\" height=\"800\" style=\"width:1210px; height:800px;\" title=\" - \" \/>\t\t\t\t\t\t\t\t<\/li>\t\t\t\t\t\t\t\t\t\t\t\t<\/ul>     <\/div>\n<\/div><div class=\"vc_empty_space\"   style=\"height: 32px\" ><span class=\"vc_empty_space_inner\"><\/span><\/div>\n<div class=\"vc_empty_space\"   style=\"height: 32px\" ><span class=\"vc_empty_space_inner\"><\/span><\/div>\n<div class=\"et-icon-container\"><div class=\"icon-pencil aligncenter align-center\" style=\"font-size: 45px;color: #27f7e9\"><\/div><\/div><div class=\"vc_empty_space\"   style=\"height: 32px\" ><span class=\"vc_empty_space_inner\"><\/span><\/div>\n<div class=\"section-text text-block align-left\" style=\"color:#ffffff;font-size:14px;\"><p>La imagen de una empresa es su identidad visual ante sus clientes y su p\u00fablico. La forma en que presentamos nuestras ideas y productos puede marcar la diferencia en el mercado. Por eso, en nuestro equipo de dise\u00f1o gr\u00e1fico nos enfocamos en crear una imagen coherente y atractiva que refleje los valores de su empresa.<\/p>\n<p>Ofrecemos una amplia variedad de servicios de dise\u00f1o gr\u00e1fico que se adaptan a sus necesidades y a la funcionalidad que busca para su imagen. Trabajamos con creatividad y versatilidad para lograr resultados impactantes que destaquen su marca.<\/p>\n<p>Cont\u00e1ctenos y descubra c\u00f3mo podemos ayudarle a potenciar su imagen empresarial de manera eficiente y efectiva. Con nuestro enfoque gr\u00e1fico profesional, su proyecto ser\u00e1 un \u00e9xito.<\/p>\n<\/div><\/div><\/div><\/section><\/div><\/div><\/section><section  class=\"content-section full-width with-col cover rella-no-padding rella-no-margin    content-section-69e76a9446eb7\"><div class=\"row vc_row-fluid\"><div class=\"wpb_column col-md-12\"><div class=\"section-text text-block\" ><div  class=\"newsletter-wrapper elegant-newsletter\"><div class=\"row\"><div class=\"col-md-4\"><div class=\"newsletter-label newsletter-label-style2\"><h5>Are you interested in any of our products and services?<br \/>\n<strong>Contact us<\/strong><\/h5><h6>We will contact you right away!<\/h6><\/div><\/div><!-- \/.col-md-4 --><div class=\"col-md-6 pb-50 right sm-float-none\"><div class=\"mt-70 mt-xs-0 mb-10\">\n<div class=\"wpcf7 no-js\" id=\"wpcf7-f2914-o1\" lang=\"en-US\" dir=\"ltr\" data-wpcf7-id=\"2914\">\n<div class=\"screen-reader-response\"><p role=\"status\" aria-live=\"polite\" aria-atomic=\"true\"><\/p> <ul><\/ul><\/div>\n<form action=\"\/en\/wp-json\/wp\/v2\/pages\/3340#wpcf7-f2914-o1\" method=\"post\" class=\"wpcf7-form init Aweber-ext-026.04.01.2055\" aria-label=\"Contact form\" novalidate=\"novalidate\" data-status=\"init\" data-trp-original-action=\"\/en\/wp-json\/wp\/v2\/pages\/3340#wpcf7-f2914-o1\">\n<fieldset class=\"hidden-fields-container\"><input type=\"hidden\" name=\"_wpcf7\" value=\"2914\" \/><input type=\"hidden\" name=\"_wpcf7_version\" value=\"6.1.5\" \/><input type=\"hidden\" name=\"_wpcf7_locale\" value=\"en_US\" \/><input type=\"hidden\" name=\"_wpcf7_unit_tag\" value=\"wpcf7-f2914-o1\" \/><input type=\"hidden\" name=\"_wpcf7_container_post\" value=\"0\" \/><input type=\"hidden\" name=\"_wpcf7_posted_data_hash\" value=\"\" \/>\n<\/fieldset>\n<div class=\"row\">\n\t<div class=\"col-md-4\">\n\t\t<div class=\"form-group\">\n\t\t\t<p><span class=\"wpcf7-form-control-wrap\" data-name=\"text-267\"><input size=\"40\" maxlength=\"400\" class=\"wpcf7-form-control wpcf7-text wpcf7-validates-as-required input-md round form-control\" id=\"name\" aria-required=\"true\" aria-invalid=\"false\" placeholder=\"Name\" value=\"\" type=\"text\" name=\"text-267\" \/><\/span>\n\t\t\t<\/p>\n\t\t<\/div>\n\t<\/div>\n\t<div class=\"col-md-4\">\n\t\t<div class=\"form-group\">\n\t\t\t<p><span class=\"wpcf7-form-control-wrap\" data-name=\"email-674\"><input size=\"40\" maxlength=\"400\" class=\"wpcf7-form-control wpcf7-email wpcf7-validates-as-required wpcf7-text wpcf7-validates-as-email input-md round form-control\" id=\"email\" aria-required=\"true\" aria-invalid=\"false\" placeholder=\"Email\" value=\"\" type=\"email\" name=\"email-674\" \/><\/span>\n\t\t\t<\/p>\n\t\t<\/div>\n\t<\/div>\n\t<div class=\"col-md-4\">\n\t\t<div class=\"form-group\">\n\t\t\t<p><span class=\"wpcf7-form-control-wrap\" data-name=\"tel-0\"><input size=\"40\" maxlength=\"400\" class=\"wpcf7-form-control wpcf7-tel wpcf7-text wpcf7-validates-as-tel input-md round form-control\" id=\"phone\" aria-invalid=\"false\" placeholder=\"Cell\/Phone\" value=\"\" type=\"tel\" name=\"tel-0\" \/><\/span>\n\t\t\t<\/p>\n\t\t<\/div>\n\t<\/div>\n\t<div class=\"col-md-12\">\n\t\t<div class=\"form-group\">\n\t\t\t<p><span class=\"wpcf7-form-control-wrap\" data-name=\"textarea-282\"><textarea cols=\"40\" rows=\"10\" maxlength=\"2000\" class=\"wpcf7-form-control wpcf7-textarea wpcf7-validates-as-required input-md round form-control\" id=\"Message\" aria-required=\"true\" aria-invalid=\"false\" placeholder=\"message\" name=\"textarea-282\"><\/textarea><\/span>\n\t\t\t<\/p>\n\t\t<\/div>\n\t<\/div>\n\t<div class=\"col-md-12\">\n\t\t<p><input class=\"wpcf7-form-control wpcf7-submit has-spinner submit_btn btn btn-mod btn-medium btn-round\" id=\"submit_btn\" type=\"submit\" value=\"Send Message\" \/>\n\t\t<\/p>\n\t<\/div>\n<\/div><p style=\"display: none !important;\" class=\"akismet-fields-container\" data-prefix=\"_wpcf7_ak_\"><label>&#916;<textarea name=\"_wpcf7_ak_hp_textarea\" cols=\"45\" rows=\"8\" maxlength=\"100\"><\/textarea><\/label><input type=\"hidden\" id=\"ak_js_1\" name=\"_wpcf7_ak_js\" value=\"159\"\/><script>document.getElementById( \"ak_js_1\" ).setAttribute( \"value\", ( new Date() ).getTime() );<\/script><\/p><div class=\"wpcf7-response-output\" aria-hidden=\"true\"><\/div>\n<input type=\"hidden\" name=\"trp-form-language\" value=\"en\"\/><\/form>\n<\/div>\n<\/div><div class=\"form-tip\"><i class=\"fa fa-info-circle\"><\/i>Please trust us, we would never spam you.<\/div><\/div><!-- \/.col-md-6 --><\/div><\/div>\n<\/div><\/div><\/div><\/section>","protected":false},"excerpt":{"rendered":"jQuery(function() {\/*setTimeout(function(){*\/ jQuery(\"#lbg_famous_gallery_3\").gallery1({ width:1400, height:600, width100Proc:false, height100Proc:false, rows:3, columns:5, centerGallery:true, gutter:1, galleryBg:\"#0a090a\", itemBorderWidth:0, itemBorderColorOFF:\"transparent\", itemBorderColorON:\"#FF0000\", showImageDescription:true, imageDescriptionBgColor:\"#000000\", imageDescriptionBgOpacity:30, imageDescriptionTextColor:\"#FFFFFF\", showIconOverImage:true, zoomDuration:1, zoomEffect:\"easeOutCubic\", target:\"_blank\", bgHorizontalPosition:\"center\", bgVerticalPosition:\"center\", facebookAppID:\"\" });\/* }, 1000);*\/\/*}, 850);*\/ }); La imagen de una empresa es su identidad visual ante sus clientes y su p\u00fablico. La forma en que presentamos nuestras ideas y productos","protected":false},"author":1,"featured_media":0,"parent":0,"menu_order":0,"comment_status":"closed","ping_status":"closed","template":"","meta":{"ghostkit_customizer_options":"","ghostkit_custom_css":"","ghostkit_custom_js_head":"","ghostkit_custom_js_foot":"","ghostkit_typography":"","footnotes":""},"class_list":["post-3340","page","type-page","status-publish","hentry"],"yoast_head":"<!-- This site is optimized with the Yoast SEO plugin v27.4 - https:\/\/yoast.com\/product\/yoast-seo-wordpress\/ -->\n<title>Dise\u00f1o Gr\u00e1fico - Icono Studio Gr\u00e1fico<\/title>\n<meta name=\"robots\" content=\"index, follow, max-snippet:-1, max-image-preview:large, max-video-preview:-1\" \/>\n<link rel=\"canonical\" href=\"https:\/\/iconostudiografico.com\/en\/diseno-grafico\/\" \/>\n<meta property=\"og:locale\" content=\"en_US\" \/>\n<meta property=\"og:type\" content=\"article\" \/>\n<meta property=\"og:title\" content=\"Dise\u00f1o Gr\u00e1fico - Icono Studio Gr\u00e1fico\" \/>\n<meta property=\"og:url\" content=\"https:\/\/iconostudiografico.com\/en\/diseno-grafico\/\" \/>\n<meta property=\"og:site_name\" content=\"Icono Studio Gr\u00e1fico\" \/>\n<meta property=\"article:modified_time\" content=\"2024-07-02T01:20:55+00:00\" \/>\n<meta name=\"twitter:card\" content=\"summary_large_image\" \/>\n<meta name=\"twitter:label1\" content=\"Est. reading time\" \/>\n\t<meta name=\"twitter:data1\" content=\"1 minute\" \/>\n<script type=\"application\/ld+json\" class=\"yoast-schema-graph\">{\"@context\":\"https:\\\/\\\/schema.org\",\"@graph\":[{\"@type\":\"WebPage\",\"@id\":\"https:\\\/\\\/iconostudiografico.com\\\/diseno-grafico\\\/\",\"url\":\"https:\\\/\\\/iconostudiografico.com\\\/diseno-grafico\\\/\",\"name\":\"Dise\u00f1o Gr\u00e1fico - Icono Studio Gr\u00e1fico\",\"isPartOf\":{\"@id\":\"https:\\\/\\\/iconostudiografico.com\\\/#website\"},\"datePublished\":\"2018-10-28T17:05:02+00:00\",\"dateModified\":\"2024-07-02T01:20:55+00:00\",\"breadcrumb\":{\"@id\":\"https:\\\/\\\/iconostudiografico.com\\\/diseno-grafico\\\/#breadcrumb\"},\"inLanguage\":\"en-US\",\"potentialAction\":[{\"@type\":\"ReadAction\",\"target\":[\"https:\\\/\\\/iconostudiografico.com\\\/diseno-grafico\\\/\"]}]},{\"@type\":\"BreadcrumbList\",\"@id\":\"https:\\\/\\\/iconostudiografico.com\\\/diseno-grafico\\\/#breadcrumb\",\"itemListElement\":[{\"@type\":\"ListItem\",\"position\":1,\"name\":\"Home\",\"item\":\"https:\\\/\\\/iconostudiografico.com\\\/\"},{\"@type\":\"ListItem\",\"position\":2,\"name\":\"Dise\u00f1o Gr\u00e1fico\"}]},{\"@type\":\"WebSite\",\"@id\":\"https:\\\/\\\/iconostudiografico.com\\\/#website\",\"url\":\"https:\\\/\\\/iconostudiografico.com\\\/\",\"name\":\"Icono Studio Gr\u00e1fico\",\"description\":\"Agencia Digital\",\"publisher\":{\"@id\":\"https:\\\/\\\/iconostudiografico.com\\\/#organization\"},\"potentialAction\":[{\"@type\":\"SearchAction\",\"target\":{\"@type\":\"EntryPoint\",\"urlTemplate\":\"https:\\\/\\\/iconostudiografico.com\\\/?s={search_term_string}\"},\"query-input\":{\"@type\":\"PropertyValueSpecification\",\"valueRequired\":true,\"valueName\":\"search_term_string\"}}],\"inLanguage\":\"en-US\"},{\"@type\":\"Organization\",\"@id\":\"https:\\\/\\\/iconostudiografico.com\\\/#organization\",\"name\":\"Icono Studio Gr\u00e1fico\",\"url\":\"https:\\\/\\\/iconostudiografico.com\\\/\",\"logo\":{\"@type\":\"ImageObject\",\"inLanguage\":\"en-US\",\"@id\":\"https:\\\/\\\/iconostudiografico.com\\\/#\\\/schema\\\/logo\\\/image\\\/\",\"url\":\"https:\\\/\\\/iconostudiografico.com\\\/wp-content\\\/uploads\\\/2024\\\/06\\\/Icono-Studio-Grafico4.png\",\"contentUrl\":\"https:\\\/\\\/iconostudiografico.com\\\/wp-content\\\/uploads\\\/2024\\\/06\\\/Icono-Studio-Grafico4.png\",\"width\":200,\"height\":200,\"caption\":\"Icono Studio Gr\u00e1fico\"},\"image\":{\"@id\":\"https:\\\/\\\/iconostudiografico.com\\\/#\\\/schema\\\/logo\\\/image\\\/\"}}]}<\/script>\n<!-- \/ Yoast SEO plugin. -->","yoast_head_json":{"title":"Dise\u00f1o Gr\u00e1fico - Icono Studio Gr\u00e1fico","robots":{"index":"index","follow":"follow","max-snippet":"max-snippet:-1","max-image-preview":"max-image-preview:large","max-video-preview":"max-video-preview:-1"},"canonical":"https:\/\/iconostudiografico.com\/en\/diseno-grafico\/","og_locale":"en_US","og_type":"article","og_title":"Dise\u00f1o Gr\u00e1fico - Icono Studio Gr\u00e1fico","og_url":"https:\/\/iconostudiografico.com\/en\/diseno-grafico\/","og_site_name":"Icono Studio Gr\u00e1fico","article_modified_time":"2024-07-02T01:20:55+00:00","twitter_card":"summary_large_image","twitter_misc":{"Est. reading time":"1 minute"},"schema":{"@context":"https:\/\/schema.org","@graph":[{"@type":"WebPage","@id":"https:\/\/iconostudiografico.com\/diseno-grafico\/","url":"https:\/\/iconostudiografico.com\/diseno-grafico\/","name":"Dise\u00f1o Gr\u00e1fico - Icono Studio Gr\u00e1fico","isPartOf":{"@id":"https:\/\/iconostudiografico.com\/#website"},"datePublished":"2018-10-28T17:05:02+00:00","dateModified":"2024-07-02T01:20:55+00:00","breadcrumb":{"@id":"https:\/\/iconostudiografico.com\/diseno-grafico\/#breadcrumb"},"inLanguage":"en-US","potentialAction":[{"@type":"ReadAction","target":["https:\/\/iconostudiografico.com\/diseno-grafico\/"]}]},{"@type":"BreadcrumbList","@id":"https:\/\/iconostudiografico.com\/diseno-grafico\/#breadcrumb","itemListElement":[{"@type":"ListItem","position":1,"name":"Home","item":"https:\/\/iconostudiografico.com\/"},{"@type":"ListItem","position":2,"name":"Dise\u00f1o Gr\u00e1fico"}]},{"@type":"WebSite","@id":"https:\/\/iconostudiografico.com\/#website","url":"https:\/\/iconostudiografico.com\/","name":"Icono Studio Gr\u00e1fico","description":"Agencia Digital","publisher":{"@id":"https:\/\/iconostudiografico.com\/#organization"},"potentialAction":[{"@type":"SearchAction","target":{"@type":"EntryPoint","urlTemplate":"https:\/\/iconostudiografico.com\/?s={search_term_string}"},"query-input":{"@type":"PropertyValueSpecification","valueRequired":true,"valueName":"search_term_string"}}],"inLanguage":"en-US"},{"@type":"Organization","@id":"https:\/\/iconostudiografico.com\/#organization","name":"Icono Studio Gr\u00e1fico","url":"https:\/\/iconostudiografico.com\/","logo":{"@type":"ImageObject","inLanguage":"en-US","@id":"https:\/\/iconostudiografico.com\/#\/schema\/logo\/image\/","url":"https:\/\/iconostudiografico.com\/wp-content\/uploads\/2024\/06\/Icono-Studio-Grafico4.png","contentUrl":"https:\/\/iconostudiografico.com\/wp-content\/uploads\/2024\/06\/Icono-Studio-Grafico4.png","width":200,"height":200,"caption":"Icono Studio Gr\u00e1fico"},"image":{"@id":"https:\/\/iconostudiografico.com\/#\/schema\/logo\/image\/"}}]}},"_links":{"self":[{"href":"https:\/\/iconostudiografico.com\/en\/wp-json\/wp\/v2\/pages\/3340","targetHints":{"allow":["GET"]}}],"collection":[{"href":"https:\/\/iconostudiografico.com\/en\/wp-json\/wp\/v2\/pages"}],"about":[{"href":"https:\/\/iconostudiografico.com\/en\/wp-json\/wp\/v2\/types\/page"}],"author":[{"embeddable":true,"href":"https:\/\/iconostudiografico.com\/en\/wp-json\/wp\/v2\/users\/1"}],"replies":[{"embeddable":true,"href":"https:\/\/iconostudiografico.com\/en\/wp-json\/wp\/v2\/comments?post=3340"}],"version-history":[{"count":34,"href":"https:\/\/iconostudiografico.com\/en\/wp-json\/wp\/v2\/pages\/3340\/revisions"}],"predecessor-version":[{"id":4778,"href":"https:\/\/iconostudiografico.com\/en\/wp-json\/wp\/v2\/pages\/3340\/revisions\/4778"}],"wp:attachment":[{"href":"https:\/\/iconostudiografico.com\/en\/wp-json\/wp\/v2\/media?parent=3340"}],"curies":[{"name":"wp","href":"https:\/\/api.w.org\/{rel}","templated":true}]}}