{"id":3358,"date":"2018-10-28T22:24:13","date_gmt":"2018-10-28T22:24:13","guid":{"rendered":"https:\/\/iconostudiografico.com\/?page_id=3358"},"modified":"2024-07-02T01:09:50","modified_gmt":"2024-07-02T01:09:50","slug":"marketingdigital","status":"publish","type":"page","link":"https:\/\/iconostudiografico.com\/en\/marketingdigital\/","title":{"rendered":"Digital Marketing"},"content":{"rendered":"<section  class=\"content-section full-width with-col cover rella-no-padding rella-no-margin    content-section-69e7543aae526\"><div class=\"row vc_row-fluid\"><div class=\"wpb_column col-md-12\"><div class=\"vc_empty_space\"   style=\"height: 64px\" ><span class=\"vc_empty_space_inner\"><\/span><\/div>\n<h2  class=\"section-title  mb-70 mb-sm-40 font-alt align-center\" style=\"color:#00ffff;font-size:34px;\">MAXIMIZA TUS VENTAS<\/h2><div class=\"vc_empty_space\"   style=\"height: 64px\" ><span class=\"vc_empty_space_inner\"><\/span><\/div>\n<div class=\"section-text text-block align-left\" style=\"color:#ffffff;font-size:14px;\"><p>\u00a1Bienvenidos a Icono Studio Gr\u00e1fico! Somos una agencia digital de servicio completo que ofrece soluciones personalizadas en marketing digital para nuestros clientes. Nuestro equipo de expertos est\u00e1 altamente capacitado en el uso de las \u00faltimas tecnolog\u00edas y t\u00e9cnicas de marketing para ayudar a nuestros clientes a alcanzar sus objetivos de negocio.<\/p>\n<p>Ofrecemos una amplia gama de servicios, desde dise\u00f1o gr\u00e1fico y publicidad en l\u00ednea hasta marketing de contenido y an\u00e1lisis de datos. Trabajamos de cerca con nuestros clientes para comprender sus necesidades y desarrollar una estrategia de marketing digital que les ayude a destacarse en su mercado.<\/p>\n<p>Si desea mejorar su presencia en l\u00ednea y aumentar sus ventas, no dude en contactarnos. Estamos seguros de que podemos ayudarle a alcanzar sus objetivos de negocio a trav\u00e9s de nuestros servicios de marketing digital de alta calidad. \u00a1P\u00f3ngase en contacto con nosotros hoy mismo para obtener m\u00e1s informaci\u00f3n!<\/p>\n<\/div><div class=\"vc_empty_space\"   style=\"height: 64px\" ><span class=\"vc_empty_space_inner\"><\/span><\/div>\n<div class=\"tpl-tabs-wrapper ts-tabs\"><ul class=\"nav nav-tabs tpl-alt-tabs font-alt pt-30 pt-sm-0 pb-30 pb-sm-0 animate  color db2b2b\" ><li ><a href=\"#ico1776768058-1309752315-0\" data-toggle=\"tab\"><div class=\"alt-tabs-icon\"><span class=\"icon-envelope\"><\/span><\/div> E mail Marketing<\/a><\/li><li ><a href=\"#ico1776768058-1309752315-1\" data-toggle=\"tab\"><div class=\"alt-tabs-icon\"><span class=\"icon-global\"><\/span><\/div> Redes Sociales<\/a><\/li><li ><a href=\"#ico1776768058-1309752315-2\" data-toggle=\"tab\"><div class=\"alt-tabs-icon\"><span class=\"icon-googleplus\"><\/span><\/div> Google Ads<\/a><\/li><li ><a href=\"#ico1776768058-1309752315-3\" data-toggle=\"tab\"><div class=\"alt-tabs-icon\"><span class=\"icon-elegant-play138\"><\/span><\/div> You Tube<\/a><\/li><li ><a href=\"#ico1776768058-1309752315-4\" data-toggle=\"tab\"><div class=\"alt-tabs-icon\"><span class=\"icon-newspaper\"><\/span><\/div> Contenido<\/a><\/li><\/ul><div class=\"tab-content tpl-tabs-cont section-text\"><div class=\"tab-pane fade\" id=\"ico1776768058-1309752315-0\"><div class=\"section-text text-block\" style=\"color:#ffffff;font-size:14px;\"><p>Si est\u00e1 buscando una manera efectiva de llegar a su p\u00fablico objetivo y aumentar sus ventas, el email marketing es una excelente opci\u00f3n. En Icono Studio Gr\u00e1fico, ofrecemos servicios de email marketing de alta calidad que pueden ayudarle a mejorar su comunicaci\u00f3n con sus clientes y aumentar su tasa de conversi\u00f3n.<br \/>\nNuestro equipo de expertos en email marketing trabaja de cerca con nuestros clientes para comprender sus objetivos de negocio y desarrollar una estrategia de email marketing personalizada que les ayude a alcanzar sus metas. Ofrecemos una amplia gama de servicios, desde el dise\u00f1o de correos electr\u00f3nicos atractivos hasta la segmentaci\u00f3n de listas de correos electr\u00f3nicos y el seguimiento de resultados.<br \/>\nSi desea obtener m\u00e1s informaci\u00f3n sobre c\u00f3mo nuestros servicios de email marketing pueden ayudar a su empresa, no dude en ponerse en contacto con nosotros. \u00a1Estamos deseando ayudarle a alcanzar sus objetivos de negocio!<br \/>\n\u00a0<\/p>\n<\/div><\/div><div class=\"tab-pane fade\" id=\"ico1776768058-1309752315-1\"><div class=\"section-text text-block\" style=\"color:#ffffff;font-size:14px;\"><p>Si est\u00e1 buscando una manera efectiva de aumentar su presencia en las redes sociales y llegar a un p\u00fablico m\u00e1s amplio, Icono Studio Gr\u00e1fico puede ayudarle. Ofrecemos servicios de marketing en redes sociales de alta calidad que pueden ayudarle a mejorar su alcance y aumentar su tasa de conversi\u00f3n.<br \/>\nNuestro equipo de expertos en redes sociales trabaja de cerca con nuestros clientes para comprender sus objetivos de negocio y desarrollar una estrategia de marketing en redes sociales personalizada que les ayude a alcanzar sus metas. Ofrecemos una amplia gama de servicios, desde la gesti\u00f3n de cuentas de redes sociales y el dise\u00f1o de contenido atractivo hasta el an\u00e1lisis de resultados y la publicidad en redes sociales.<br \/>\nSi desea obtener m\u00e1s informaci\u00f3n sobre c\u00f3mo nuestros servicios de marketing en redes sociales pueden ayudar a su empresa, no dude en ponerse en contacto con nosotros. \u00a1Estamos deseando ayudarle a alcanzar sus objetivos de negocio!<\/p>\n<\/div><\/div><div class=\"tab-pane fade\" id=\"ico1776768058-1309752315-2\"><div class=\"section-text text-block\" style=\"color:#ffffff;font-size:14px;\"><p>Si est\u00e1 buscando una manera efectiva de aumentar el tr\u00e1fico a su sitio web y mejorar su tasa de conversi\u00f3n, Google Ads puede ser la soluci\u00f3n perfecta. En Icono Studio Gr\u00e1fico, ofrecemos servicios de Google Ads de alta calidad que pueden ayudarle a llegar a su p\u00fablico objetivo y aumentar sus ventas.<br \/>\nNuestro equipo de expertos en Google Ads trabaja de cerca con nuestros clientes para comprender sus objetivos de negocio y desarrollar una estrategia de publicidad en Google Ads personalizada que les ayude a alcanzar sus metas. Ofrecemos una amplia gama de servicios, desde la investigaci\u00f3n de palabras clave y la creaci\u00f3n de anuncios atractivos hasta el seguimiento de resultados y la optimizaci\u00f3n constante de sus campa\u00f1as.<br \/>\nSi desea obtener m\u00e1s informaci\u00f3n sobre c\u00f3mo nuestros servicios de Google Ads pueden ayudar a su empresa, no dude en ponerse en contacto con nosotros. \u00a1Estamos deseando ayudarle a alcanzar sus objetivos de negocio!<\/p>\n<\/div><\/div><div class=\"tab-pane fade\" id=\"ico1776768058-1309752315-3\"><div class=\"section-text text-block\" style=\"color:#ffffff;font-size:14px;\"><p>Si est\u00e1 buscando una manera efectiva de llegar a un p\u00fablico m\u00e1s amplio y aumentar el tr\u00e1fico a su sitio web, YouTube puede ser la soluci\u00f3n perfecta. En Icono Studio Gr\u00e1fico, ofrecemos servicios de marketing en YouTube de alta calidad que pueden ayudarle a mejorar su presencia en este popular sitio de videos y aumentar su tasa de conversi\u00f3n.<br \/>\nNuestro equipo de expertos en YouTube trabaja de cerca con nuestros clientes para comprender sus objetivos de negocio y desarrollar una estrategia de marketing en YouTube personalizada que les ayude a alcanzar sus metas. Ofrecemos una amplia gama de servicios, desde la creaci\u00f3n de videos atractivos y la optimizaci\u00f3n de t\u00edtulos y descripciones hasta la publicidad en YouTube y el seguimiento de resultados.<br \/>\nSi desea obtener m\u00e1s informaci\u00f3n sobre c\u00f3mo nuestros servicios de marketing en YouTube pueden ayudar a su empresa, no dude en ponerse en contacto con nosotros. \u00a1Estamos deseando ayudarle a alcanzar sus objetivos de negocio!<\/p>\n<\/div><\/div><div class=\"tab-pane fade\" id=\"ico1776768058-1309752315-4\"><div class=\"section-text text-block\" style=\"color:#ffffff;font-size:14px;\"><p>Si est\u00e1 buscando una manera efectiva de atraer y retener a su audiencia, el contenido es clave. En Icono Studio Gr\u00e1fico, ofrecemos servicios de generaci\u00f3n de contenido de alta calidad que pueden ayudarle a mejorar su presencia en l\u00ednea y aumentar su tasa de conversi\u00f3n.<br \/>\nNuestro equipo de expertos en generaci\u00f3n de contenido trabaja de cerca con nuestros clientes para comprender sus objetivos de negocio y desarrollar una estrategia de generaci\u00f3n de contenido personalizada que les ayude a alcanzar sus metas. Ofrecemos una amplia gama de servicios, desde la creaci\u00f3n de contenido de calidad y la optimizaci\u00f3n de t\u00edtulos y descripciones hasta la publicaci\u00f3n en diferentes plataformas y el seguimiento de resultados.<br \/>\nSi desea obtener m\u00e1s informaci\u00f3n sobre c\u00f3mo nuestros servicios de generaci\u00f3n de contenido pueden ayudar a su empresa, no dude en ponerse en contacto con nosotros. \u00a1Estamos deseando ayudarle a alcanzar sus objetivos de negocio!<\/p>\n<\/div><\/div><\/div><\/div><div class=\"vc_empty_space\"   style=\"height: 64px\" ><span class=\"vc_empty_space_inner\"><\/span><\/div>\n<div class=\"section-text text-block align-left\" style=\"color:#ffffff;font-size:14px;\"><p>Es el momento de ingresar al mundo digital con una imagen fuerte y confiable, le asesoramos y constru\u00edmos en conjunto el plan de Marketing Digital adecuado para su empresa.<\/p>\n<\/div><div class=\"vc_empty_space\"   style=\"height: 64px\" ><span class=\"vc_empty_space_inner\"><\/span><\/div>\n<\/div><\/div><\/section><section  class=\"content-section full-width is-fluid cover rella-no-padding rella-no-margin    content-section-69e7543aaf21e\"><div class=\"row vc_row-fluid\"><div class=\"wpb_column col-md-12\">\n\t<div  class=\"wpb_single_image wpb_content_element vc_align_center\">\n\t\t\n\t\t<figure class=\"wpb_wrapper vc_figure\">\n\t\t\t<div class=\"vc_single_image-wrapper   vc_box_border_grey\"><img loading=\"lazy\" decoding=\"async\" width=\"2500\" height=\"1667\" src=\"https:\/\/iconostudiografico.com\/wp-content\/uploads\/2022\/10\/marketing-digital_Mesa-de-trabajo-1.png\" class=\"vc_single_image-img attachment-full\" alt=\"\" srcset=\"https:\/\/iconostudiografico.com\/wp-content\/uploads\/2022\/10\/marketing-digital_Mesa-de-trabajo-1.png 2500w, https:\/\/iconostudiografico.com\/wp-content\/uploads\/2022\/10\/marketing-digital_Mesa-de-trabajo-1-300x200.png 300w, https:\/\/iconostudiografico.com\/wp-content\/uploads\/2022\/10\/marketing-digital_Mesa-de-trabajo-1-1024x683.png 1024w, https:\/\/iconostudiografico.com\/wp-content\/uploads\/2022\/10\/marketing-digital_Mesa-de-trabajo-1-18x12.png 18w\" sizes=\"auto, (max-width: 2500px) 100vw, 2500px\" \/><\/div>\n\t\t<\/figure>\n\t<\/div>\n<\/div><\/div><\/section><section  class=\"content-section full-width with-col cover rella-no-padding rella-no-margin    content-section-69e7543aafac8\"><div class=\"row vc_row-fluid\"><div class=\"wpb_column col-md-12\"><div class=\"section-text text-block\" ><div  class=\"newsletter-wrapper elegant-newsletter\"><div class=\"row\"><div class=\"col-md-4\"><div class=\"newsletter-label newsletter-label-style2\"><h5>Are you interested in any of our products and services?<br \/>\n<strong>Contact us<\/strong><\/h5><h6>We will contact you right away!<\/h6><\/div><\/div><!-- \/.col-md-4 --><div class=\"col-md-6 pb-50 right sm-float-none\"><div class=\"mt-70 mt-xs-0 mb-10\">\n<div class=\"wpcf7 no-js\" id=\"wpcf7-f2914-o1\" lang=\"en-US\" dir=\"ltr\" data-wpcf7-id=\"2914\">\n<div class=\"screen-reader-response\"><p role=\"status\" aria-live=\"polite\" aria-atomic=\"true\"><\/p> <ul><\/ul><\/div>\n<form action=\"\/en\/wp-json\/wp\/v2\/pages\/3358#wpcf7-f2914-o1\" method=\"post\" class=\"wpcf7-form init Aweber-ext-026.04.01.2055\" aria-label=\"Contact form\" novalidate=\"novalidate\" data-status=\"init\" data-trp-original-action=\"\/en\/wp-json\/wp\/v2\/pages\/3358#wpcf7-f2914-o1\">\n<fieldset class=\"hidden-fields-container\"><input type=\"hidden\" name=\"_wpcf7\" value=\"2914\" \/><input type=\"hidden\" name=\"_wpcf7_version\" value=\"6.1.5\" \/><input type=\"hidden\" name=\"_wpcf7_locale\" value=\"en_US\" \/><input type=\"hidden\" name=\"_wpcf7_unit_tag\" value=\"wpcf7-f2914-o1\" \/><input type=\"hidden\" name=\"_wpcf7_container_post\" value=\"0\" \/><input type=\"hidden\" name=\"_wpcf7_posted_data_hash\" value=\"\" \/>\n<\/fieldset>\n<div class=\"row\">\n\t<div class=\"col-md-4\">\n\t\t<div class=\"form-group\">\n\t\t\t<p><span class=\"wpcf7-form-control-wrap\" data-name=\"text-267\"><input size=\"40\" maxlength=\"400\" class=\"wpcf7-form-control wpcf7-text wpcf7-validates-as-required input-md round form-control\" id=\"name\" aria-required=\"true\" aria-invalid=\"false\" placeholder=\"Name\" value=\"\" type=\"text\" name=\"text-267\" \/><\/span>\n\t\t\t<\/p>\n\t\t<\/div>\n\t<\/div>\n\t<div class=\"col-md-4\">\n\t\t<div class=\"form-group\">\n\t\t\t<p><span class=\"wpcf7-form-control-wrap\" data-name=\"email-674\"><input size=\"40\" maxlength=\"400\" class=\"wpcf7-form-control wpcf7-email wpcf7-validates-as-required wpcf7-text wpcf7-validates-as-email input-md round form-control\" id=\"email\" aria-required=\"true\" aria-invalid=\"false\" placeholder=\"Email\" value=\"\" type=\"email\" name=\"email-674\" \/><\/span>\n\t\t\t<\/p>\n\t\t<\/div>\n\t<\/div>\n\t<div class=\"col-md-4\">\n\t\t<div class=\"form-group\">\n\t\t\t<p><span class=\"wpcf7-form-control-wrap\" data-name=\"tel-0\"><input size=\"40\" maxlength=\"400\" class=\"wpcf7-form-control wpcf7-tel wpcf7-text wpcf7-validates-as-tel input-md round form-control\" id=\"phone\" aria-invalid=\"false\" placeholder=\"Cell\/Phone\" value=\"\" type=\"tel\" name=\"tel-0\" \/><\/span>\n\t\t\t<\/p>\n\t\t<\/div>\n\t<\/div>\n\t<div class=\"col-md-12\">\n\t\t<div class=\"form-group\">\n\t\t\t<p><span class=\"wpcf7-form-control-wrap\" data-name=\"textarea-282\"><textarea cols=\"40\" rows=\"10\" maxlength=\"2000\" class=\"wpcf7-form-control wpcf7-textarea wpcf7-validates-as-required input-md round form-control\" id=\"Message\" aria-required=\"true\" aria-invalid=\"false\" placeholder=\"message\" name=\"textarea-282\"><\/textarea><\/span>\n\t\t\t<\/p>\n\t\t<\/div>\n\t<\/div>\n\t<div class=\"col-md-12\">\n\t\t<p><input class=\"wpcf7-form-control wpcf7-submit has-spinner submit_btn btn btn-mod btn-medium btn-round\" id=\"submit_btn\" type=\"submit\" value=\"Send Message\" \/>\n\t\t<\/p>\n\t<\/div>\n<\/div><p style=\"display: none !important;\" class=\"akismet-fields-container\" data-prefix=\"_wpcf7_ak_\"><label>&#916;<textarea name=\"_wpcf7_ak_hp_textarea\" cols=\"45\" rows=\"8\" maxlength=\"100\"><\/textarea><\/label><input type=\"hidden\" id=\"ak_js_1\" name=\"_wpcf7_ak_js\" value=\"143\"\/><script>document.getElementById( \"ak_js_1\" ).setAttribute( \"value\", ( new Date() ).getTime() );<\/script><\/p><div class=\"wpcf7-response-output\" aria-hidden=\"true\"><\/div>\n<input type=\"hidden\" name=\"trp-form-language\" value=\"en\"\/><\/form>\n<\/div>\n<\/div><div class=\"form-tip\"><i class=\"fa fa-info-circle\"><\/i>Please trust us, we would never spam you.<\/div><\/div><!-- \/.col-md-6 --><\/div><\/div>\n<\/div><\/div><\/div><\/section>","protected":false},"excerpt":{"rendered":"MAXIMIZA TUS VENTAS \u00a1Bienvenidos a Icono Studio Gr\u00e1fico! Somos una agencia digital de servicio completo que ofrece soluciones personalizadas en marketing digital para nuestros clientes. Nuestro equipo de expertos est\u00e1 altamente capacitado en el uso de las \u00faltimas tecnolog\u00edas y t\u00e9cnicas de marketing para ayudar a nuestros clientes a alcanzar sus objetivos de negocio. Ofrecemos","protected":false},"author":1,"featured_media":0,"parent":0,"menu_order":0,"comment_status":"closed","ping_status":"closed","template":"","meta":{"ghostkit_customizer_options":"","ghostkit_custom_css":"","ghostkit_custom_js_head":"","ghostkit_custom_js_foot":"","ghostkit_typography":"","footnotes":""},"class_list":["post-3358","page","type-page","status-publish","hentry"],"yoast_head":"<!-- This site is optimized with the Yoast SEO plugin v27.4 - https:\/\/yoast.com\/product\/yoast-seo-wordpress\/ -->\n<title>Marketing Digital - Icono Studio Gr\u00e1fico<\/title>\n<meta name=\"robots\" content=\"index, follow, max-snippet:-1, max-image-preview:large, max-video-preview:-1\" \/>\n<link rel=\"canonical\" href=\"https:\/\/iconostudiografico.com\/en\/marketingdigital\/\" \/>\n<meta property=\"og:locale\" content=\"en_US\" \/>\n<meta property=\"og:type\" content=\"article\" \/>\n<meta property=\"og:title\" content=\"Marketing Digital - Icono Studio Gr\u00e1fico\" \/>\n<meta property=\"og:url\" content=\"https:\/\/iconostudiografico.com\/en\/marketingdigital\/\" \/>\n<meta property=\"og:site_name\" content=\"Icono Studio Gr\u00e1fico\" \/>\n<meta property=\"article:modified_time\" content=\"2024-07-02T01:09:50+00:00\" \/>\n<meta name=\"twitter:card\" content=\"summary_large_image\" \/>\n<meta name=\"twitter:label1\" content=\"Est. reading time\" \/>\n\t<meta name=\"twitter:data1\" content=\"7 minutes\" \/>\n<script type=\"application\/ld+json\" class=\"yoast-schema-graph\">{\"@context\":\"https:\\\/\\\/schema.org\",\"@graph\":[{\"@type\":\"WebPage\",\"@id\":\"https:\\\/\\\/iconostudiografico.com\\\/en\\\/marketingdigital\\\/\",\"url\":\"https:\\\/\\\/iconostudiografico.com\\\/en\\\/marketingdigital\\\/\",\"name\":\"Marketing Digital - Icono Studio Gr\u00e1fico\",\"isPartOf\":{\"@id\":\"https:\\\/\\\/iconostudiografico.com\\\/#website\"},\"datePublished\":\"2018-10-28T22:24:13+00:00\",\"dateModified\":\"2024-07-02T01:09:50+00:00\",\"breadcrumb\":{\"@id\":\"https:\\\/\\\/iconostudiografico.com\\\/en\\\/marketingdigital\\\/#breadcrumb\"},\"inLanguage\":\"en-US\",\"potentialAction\":[{\"@type\":\"ReadAction\",\"target\":[\"https:\\\/\\\/iconostudiografico.com\\\/en\\\/marketingdigital\\\/\"]}]},{\"@type\":\"BreadcrumbList\",\"@id\":\"https:\\\/\\\/iconostudiografico.com\\\/en\\\/marketingdigital\\\/#breadcrumb\",\"itemListElement\":[{\"@type\":\"ListItem\",\"position\":1,\"name\":\"Home\",\"item\":\"https:\\\/\\\/iconostudiografico.com\\\/\"},{\"@type\":\"ListItem\",\"position\":2,\"name\":\"Marketing Digital\"}]},{\"@type\":\"WebSite\",\"@id\":\"https:\\\/\\\/iconostudiografico.com\\\/#website\",\"url\":\"https:\\\/\\\/iconostudiografico.com\\\/\",\"name\":\"Icono Studio Gr\u00e1fico\",\"description\":\"Agencia Digital\",\"publisher\":{\"@id\":\"https:\\\/\\\/iconostudiografico.com\\\/#organization\"},\"potentialAction\":[{\"@type\":\"SearchAction\",\"target\":{\"@type\":\"EntryPoint\",\"urlTemplate\":\"https:\\\/\\\/iconostudiografico.com\\\/?s={search_term_string}\"},\"query-input\":{\"@type\":\"PropertyValueSpecification\",\"valueRequired\":true,\"valueName\":\"search_term_string\"}}],\"inLanguage\":\"en-US\"},{\"@type\":\"Organization\",\"@id\":\"https:\\\/\\\/iconostudiografico.com\\\/#organization\",\"name\":\"Icono Studio Gr\u00e1fico\",\"url\":\"https:\\\/\\\/iconostudiografico.com\\\/\",\"logo\":{\"@type\":\"ImageObject\",\"inLanguage\":\"en-US\",\"@id\":\"https:\\\/\\\/iconostudiografico.com\\\/#\\\/schema\\\/logo\\\/image\\\/\",\"url\":\"https:\\\/\\\/iconostudiografico.com\\\/wp-content\\\/uploads\\\/2024\\\/06\\\/Icono-Studio-Grafico4.png\",\"contentUrl\":\"https:\\\/\\\/iconostudiografico.com\\\/wp-content\\\/uploads\\\/2024\\\/06\\\/Icono-Studio-Grafico4.png\",\"width\":200,\"height\":200,\"caption\":\"Icono Studio Gr\u00e1fico\"},\"image\":{\"@id\":\"https:\\\/\\\/iconostudiografico.com\\\/#\\\/schema\\\/logo\\\/image\\\/\"}}]}<\/script>\n<!-- \/ Yoast SEO plugin. -->","yoast_head_json":{"title":"Marketing Digital - Icono Studio Gr\u00e1fico","robots":{"index":"index","follow":"follow","max-snippet":"max-snippet:-1","max-image-preview":"max-image-preview:large","max-video-preview":"max-video-preview:-1"},"canonical":"https:\/\/iconostudiografico.com\/en\/marketingdigital\/","og_locale":"en_US","og_type":"article","og_title":"Marketing Digital - Icono Studio Gr\u00e1fico","og_url":"https:\/\/iconostudiografico.com\/en\/marketingdigital\/","og_site_name":"Icono Studio Gr\u00e1fico","article_modified_time":"2024-07-02T01:09:50+00:00","twitter_card":"summary_large_image","twitter_misc":{"Est. reading time":"7 minutes"},"schema":{"@context":"https:\/\/schema.org","@graph":[{"@type":"WebPage","@id":"https:\/\/iconostudiografico.com\/en\/marketingdigital\/","url":"https:\/\/iconostudiografico.com\/en\/marketingdigital\/","name":"Marketing Digital - Icono Studio Gr\u00e1fico","isPartOf":{"@id":"https:\/\/iconostudiografico.com\/#website"},"datePublished":"2018-10-28T22:24:13+00:00","dateModified":"2024-07-02T01:09:50+00:00","breadcrumb":{"@id":"https:\/\/iconostudiografico.com\/en\/marketingdigital\/#breadcrumb"},"inLanguage":"en-US","potentialAction":[{"@type":"ReadAction","target":["https:\/\/iconostudiografico.com\/en\/marketingdigital\/"]}]},{"@type":"BreadcrumbList","@id":"https:\/\/iconostudiografico.com\/en\/marketingdigital\/#breadcrumb","itemListElement":[{"@type":"ListItem","position":1,"name":"Home","item":"https:\/\/iconostudiografico.com\/"},{"@type":"ListItem","position":2,"name":"Marketing Digital"}]},{"@type":"WebSite","@id":"https:\/\/iconostudiografico.com\/#website","url":"https:\/\/iconostudiografico.com\/","name":"Icono Studio Gr\u00e1fico","description":"Agencia Digital","publisher":{"@id":"https:\/\/iconostudiografico.com\/#organization"},"potentialAction":[{"@type":"SearchAction","target":{"@type":"EntryPoint","urlTemplate":"https:\/\/iconostudiografico.com\/?s={search_term_string}"},"query-input":{"@type":"PropertyValueSpecification","valueRequired":true,"valueName":"search_term_string"}}],"inLanguage":"en-US"},{"@type":"Organization","@id":"https:\/\/iconostudiografico.com\/#organization","name":"Icono Studio Gr\u00e1fico","url":"https:\/\/iconostudiografico.com\/","logo":{"@type":"ImageObject","inLanguage":"en-US","@id":"https:\/\/iconostudiografico.com\/#\/schema\/logo\/image\/","url":"https:\/\/iconostudiografico.com\/wp-content\/uploads\/2024\/06\/Icono-Studio-Grafico4.png","contentUrl":"https:\/\/iconostudiografico.com\/wp-content\/uploads\/2024\/06\/Icono-Studio-Grafico4.png","width":200,"height":200,"caption":"Icono Studio Gr\u00e1fico"},"image":{"@id":"https:\/\/iconostudiografico.com\/#\/schema\/logo\/image\/"}}]}},"_links":{"self":[{"href":"https:\/\/iconostudiografico.com\/en\/wp-json\/wp\/v2\/pages\/3358","targetHints":{"allow":["GET"]}}],"collection":[{"href":"https:\/\/iconostudiografico.com\/en\/wp-json\/wp\/v2\/pages"}],"about":[{"href":"https:\/\/iconostudiografico.com\/en\/wp-json\/wp\/v2\/types\/page"}],"author":[{"embeddable":true,"href":"https:\/\/iconostudiografico.com\/en\/wp-json\/wp\/v2\/users\/1"}],"replies":[{"embeddable":true,"href":"https:\/\/iconostudiografico.com\/en\/wp-json\/wp\/v2\/comments?post=3358"}],"version-history":[{"count":53,"href":"https:\/\/iconostudiografico.com\/en\/wp-json\/wp\/v2\/pages\/3358\/revisions"}],"predecessor-version":[{"id":4772,"href":"https:\/\/iconostudiografico.com\/en\/wp-json\/wp\/v2\/pages\/3358\/revisions\/4772"}],"wp:attachment":[{"href":"https:\/\/iconostudiografico.com\/en\/wp-json\/wp\/v2\/media?parent=3358"}],"curies":[{"name":"wp","href":"https:\/\/api.w.org\/{rel}","templated":true}]}}