{"id":4408,"date":"2022-10-24T22:42:12","date_gmt":"2022-10-24T22:42:12","guid":{"rendered":"https:\/\/iconostudiografico.com\/?page_id=4408"},"modified":"2024-07-02T01:07:10","modified_gmt":"2024-07-02T01:07:10","slug":"whatsappmarketing","status":"publish","type":"page","link":"https:\/\/iconostudiografico.com\/en\/whatsappmarketing\/","title":{"rendered":"whatsapp marketing"},"content":{"rendered":"<section  class=\"content-section full-width with-col cover rella-no-padding rella-no-margin    content-section-69e4ed9bd5a02\"><div class=\"row vc_row-fluid\"><div class=\"wpb_column col-md-12\"><div class=\"vc_empty_space\"   style=\"height: 64px\" ><span class=\"vc_empty_space_inner\"><\/span><\/div>\n<h2  class=\"section-title  mb-70 mb-sm-40 font-alt align-center\" style=\"color:#00ffff;font-size:34px;\">La experiencia de una venta 100% garantizada<\/h2><div class=\"vc_empty_space\"   style=\"height: 64px\" ><span class=\"vc_empty_space_inner\"><\/span><\/div>\n<div class=\"section-text text-block\" style=\"color:#ffffff;font-size:14px;\"><p><strong>ESTRATEGIA<\/strong><\/p>\n<p>Si est\u00e1 buscando una manera efectiva de llegar a m\u00e1s usuarios y aumentar sus ventas, nuestra herramienta l\u00edder en el mercado de Whatsapp Marketing puede ser la soluci\u00f3n perfecta. Nuestra plataforma busca la oportunidad efectiva de llegar a m\u00e1s usuarios que otras apps de mensajer\u00eda, ofreciendo resultados reales y un dise\u00f1o de estrategias de ventas y servicios de fidelizaci\u00f3n.<\/p>\n<p>Con Whatsapp Marketing, puede conseguir una comunicaci\u00f3n efectiva, autom\u00e1tica, r\u00e1pida y masiva para llegar a sus clientes de una manera personalizada y directa. Nuestra plataforma le permite enviar mensajes de texto, im\u00e1genes, videos y enlaces a sus clientes de manera f\u00e1cil y r\u00e1pida, lo que le ayudar\u00e1 a mantenerse en contacto con ellos y a impulsar sus ventas.<\/p>\n<p>Si desea obtener m\u00e1s informaci\u00f3n sobre c\u00f3mo nuestra herramienta de Whatsapp Marketing puede ayudar a su empresa, no dude en ponerse en contacto con nosotros. \u00a1Estamos deseando ayudarle a alcanzar sus objetivos de negocio!<\/p>\n<\/div><div class=\"vc_empty_space\"   style=\"height: 128px\" ><span class=\"vc_empty_space_inner\"><\/span><\/div>\n<\/div><\/div><\/section><section  class=\"content-section full-width with-col cover rella-no-padding rella-no-margin    content-section-69e4ed9bd5f6d\"><div class=\"row vc_row-fluid\"><div class=\"wpb_column col-md-3\"><div class=\"et-icon-container\"><div class=\"icon-strategy aligncenter align-center\" style=\"font-size: 75px;color: #00ffff\"><\/div><\/div><h2  class=\"section-title  mb-70 mb-sm-40 font-alt align-center\" >Mejor estrategia<\/h2><\/div><div class=\"wpb_column col-md-3\"><div class=\"et-icon-container\"><div class=\"icon-clock aligncenter align-center\" style=\"font-size: 75px;color: #00ffff\"><\/div><\/div><h2  class=\"section-title  mb-70 mb-sm-40 font-alt align-center\" >Optimiza tiempo<\/h2><\/div><div class=\"wpb_column col-md-3\"><div class=\"et-icon-container\"><div class=\"icon-global aligncenter align-center\" style=\"font-size: 75px;color: #00ffff\"><\/div><\/div><h2  class=\"section-title  mb-70 mb-sm-40 font-alt align-center\" >Mayor alcance<\/h2><\/div><div class=\"wpb_column col-md-3\"><div class=\"et-icon-container\"><div class=\"icon-target aligncenter align-center\" style=\"font-size: 75px;color: #00ffff\"><\/div><\/div><h2  class=\"section-title  mb-70 mb-sm-40 font-alt align-center\" >Grupo objetivo<\/h2><div class=\"vc_empty_space\"   style=\"height: 64px\" ><span class=\"vc_empty_space_inner\"><\/span><\/div>\n<\/div><\/div><\/section><section  class=\"content-section full-width is-fluid cover rella-no-padding rella-no-margin bg-dark-alfa-90   content-section-69e4ed9bd646a\"><div class=\"row vc_row-fluid\"><div class=\"wpb_column col-md-12\">\n\t<div  class=\"wpb_single_image wpb_content_element vc_align_center\">\n\t\t\n\t\t<figure class=\"wpb_wrapper vc_figure\">\n\t\t\t<div class=\"vc_single_image-wrapper   vc_box_border_grey\"><img loading=\"lazy\" decoding=\"async\" width=\"2500\" height=\"1667\" src=\"https:\/\/iconostudiografico.com\/wp-content\/uploads\/2022\/10\/Whatsapp_Mesa-de-trabajo-1-1.png\" class=\"vc_single_image-img attachment-full\" alt=\"\" srcset=\"https:\/\/iconostudiografico.com\/wp-content\/uploads\/2022\/10\/Whatsapp_Mesa-de-trabajo-1-1.png 2500w, https:\/\/iconostudiografico.com\/wp-content\/uploads\/2022\/10\/Whatsapp_Mesa-de-trabajo-1-1-300x200.png 300w, https:\/\/iconostudiografico.com\/wp-content\/uploads\/2022\/10\/Whatsapp_Mesa-de-trabajo-1-1-1024x683.png 1024w, https:\/\/iconostudiografico.com\/wp-content\/uploads\/2022\/10\/Whatsapp_Mesa-de-trabajo-1-1-18x12.png 18w\" sizes=\"auto, (max-width: 2500px) 100vw, 2500px\" \/><\/div>\n\t\t<\/figure>\n\t<\/div>\n<\/div><\/div><\/section><section  class=\"content-section full-width with-col cover rella-no-padding rella-no-margin bg-dark-alfa-90   content-section-69e4ed9bd6a6c\"><div class=\"row vc_row-fluid\"><div class=\"wpb_column col-md-3\"><div class=\"vc_empty_space\"   style=\"height: 64px\" ><span class=\"vc_empty_space_inner\"><\/span><\/div>\n<div class=\"et-icon-container\"><div class=\"icon-lock aligncenter align-center\" style=\"font-size: 75px;color: #00ffff\"><\/div><\/div><h2  class=\"section-title  mb-70 mb-sm-40 font-alt align-center\" >POLITICA DE CONFIDENCIALIDAD<\/h2><\/div><div class=\"wpb_column col-md-9\"><div class=\"vc_empty_space\"   style=\"height: 64px\" ><span class=\"vc_empty_space_inner\"><\/span><\/div>\n<div class=\"section-text text-block\" style=\"color:#ffffff;font-size:14px;\"><p>Icono es una agencia digital que se encarga del env\u00edo de comunicaci\u00f3n publicitaria ver\u00eddica, enfocada en conectar el cliente potencial con su empresa a traves del uso de las tecnolog\u00edas digitales.<\/p>\n<p>Somos responsables del buen uso de los datos. Comprometi\u00e9ndonos a respetar y proteger la informaci\u00f3n confidencial otorgada por las empresas con las que trabajamos.<\/p>\n<\/div><div class=\"vc_empty_space\"   style=\"height: 64px\" ><span class=\"vc_empty_space_inner\"><\/span><\/div>\n<\/div><\/div><\/section><section  class=\"content-section full-width with-col cover rella-no-padding rella-no-margin    content-section-69e4ed9bd6e44\"><div class=\"row vc_row-fluid\"><div class=\"wpb_column col-md-12\"><div class=\"vc_empty_space\"   style=\"height: 64px\" ><span class=\"vc_empty_space_inner\"><\/span><\/div>\n<div class=\"section-text text-block\" ><div  class=\"newsletter-wrapper elegant-newsletter\"><div class=\"row\"><div class=\"col-md-4\"><div class=\"newsletter-label newsletter-label-style2\"><h5>Are you interested in any of our products and services?<br \/>\n<strong>Contact us<\/strong><\/h5><h6>We will contact you right away!<\/h6><\/div><\/div><!-- \/.col-md-4 --><div class=\"col-md-6 pb-50 right sm-float-none\"><div class=\"mt-70 mt-xs-0 mb-10\">\n<div class=\"wpcf7 no-js\" id=\"wpcf7-f2914-o1\" lang=\"en-US\" dir=\"ltr\" data-wpcf7-id=\"2914\">\n<div class=\"screen-reader-response\"><p role=\"status\" aria-live=\"polite\" aria-atomic=\"true\"><\/p> <ul><\/ul><\/div>\n<form action=\"\/en\/wp-json\/wp\/v2\/pages\/4408#wpcf7-f2914-o1\" method=\"post\" class=\"wpcf7-form init Aweber-ext-026.04.01.2055\" aria-label=\"Contact form\" novalidate=\"novalidate\" data-status=\"init\" data-trp-original-action=\"\/en\/wp-json\/wp\/v2\/pages\/4408#wpcf7-f2914-o1\">\n<fieldset class=\"hidden-fields-container\"><input type=\"hidden\" name=\"_wpcf7\" value=\"2914\" \/><input type=\"hidden\" name=\"_wpcf7_version\" value=\"6.1.5\" \/><input type=\"hidden\" name=\"_wpcf7_locale\" value=\"en_US\" \/><input type=\"hidden\" name=\"_wpcf7_unit_tag\" value=\"wpcf7-f2914-o1\" \/><input type=\"hidden\" name=\"_wpcf7_container_post\" value=\"0\" \/><input type=\"hidden\" name=\"_wpcf7_posted_data_hash\" value=\"\" \/>\n<\/fieldset>\n<div class=\"row\">\n\t<div class=\"col-md-4\">\n\t\t<div class=\"form-group\">\n\t\t\t<p><span class=\"wpcf7-form-control-wrap\" data-name=\"text-267\"><input size=\"40\" maxlength=\"400\" class=\"wpcf7-form-control wpcf7-text wpcf7-validates-as-required input-md round form-control\" id=\"name\" aria-required=\"true\" aria-invalid=\"false\" placeholder=\"Name\" value=\"\" type=\"text\" name=\"text-267\" \/><\/span>\n\t\t\t<\/p>\n\t\t<\/div>\n\t<\/div>\n\t<div class=\"col-md-4\">\n\t\t<div class=\"form-group\">\n\t\t\t<p><span class=\"wpcf7-form-control-wrap\" data-name=\"email-674\"><input size=\"40\" maxlength=\"400\" class=\"wpcf7-form-control wpcf7-email wpcf7-validates-as-required wpcf7-text wpcf7-validates-as-email input-md round form-control\" id=\"email\" aria-required=\"true\" aria-invalid=\"false\" placeholder=\"Email\" value=\"\" type=\"email\" name=\"email-674\" \/><\/span>\n\t\t\t<\/p>\n\t\t<\/div>\n\t<\/div>\n\t<div class=\"col-md-4\">\n\t\t<div class=\"form-group\">\n\t\t\t<p><span class=\"wpcf7-form-control-wrap\" data-name=\"tel-0\"><input size=\"40\" maxlength=\"400\" class=\"wpcf7-form-control wpcf7-tel wpcf7-text wpcf7-validates-as-tel input-md round form-control\" id=\"phone\" aria-invalid=\"false\" placeholder=\"Cell\/Phone\" value=\"\" type=\"tel\" name=\"tel-0\" \/><\/span>\n\t\t\t<\/p>\n\t\t<\/div>\n\t<\/div>\n\t<div class=\"col-md-12\">\n\t\t<div class=\"form-group\">\n\t\t\t<p><span class=\"wpcf7-form-control-wrap\" data-name=\"textarea-282\"><textarea cols=\"40\" rows=\"10\" maxlength=\"2000\" class=\"wpcf7-form-control wpcf7-textarea wpcf7-validates-as-required input-md round form-control\" id=\"Message\" aria-required=\"true\" aria-invalid=\"false\" placeholder=\"message\" name=\"textarea-282\"><\/textarea><\/span>\n\t\t\t<\/p>\n\t\t<\/div>\n\t<\/div>\n\t<div class=\"col-md-12\">\n\t\t<p><input class=\"wpcf7-form-control wpcf7-submit has-spinner submit_btn btn btn-mod btn-medium btn-round\" id=\"submit_btn\" type=\"submit\" value=\"Send Message\" \/>\n\t\t<\/p>\n\t<\/div>\n<\/div><p style=\"display: none !important;\" class=\"akismet-fields-container\" data-prefix=\"_wpcf7_ak_\"><label>&#916;<textarea name=\"_wpcf7_ak_hp_textarea\" cols=\"45\" rows=\"8\" maxlength=\"100\"><\/textarea><\/label><input type=\"hidden\" id=\"ak_js_1\" name=\"_wpcf7_ak_js\" value=\"45\"\/><script>document.getElementById( \"ak_js_1\" ).setAttribute( \"value\", ( new Date() ).getTime() );<\/script><\/p><div class=\"wpcf7-response-output\" aria-hidden=\"true\"><\/div>\n<input type=\"hidden\" name=\"trp-form-language\" value=\"en\"\/><\/form>\n<\/div>\n<\/div><div class=\"form-tip\"><i class=\"fa fa-info-circle\"><\/i>Please trust us, we would never spam you.<\/div><\/div><!-- \/.col-md-6 --><\/div><\/div>\n<\/div><div class=\"vc_empty_space\"   style=\"height: 64px\" ><span class=\"vc_empty_space_inner\"><\/span><\/div>\n<\/div><\/div><\/section>","protected":false},"excerpt":{"rendered":"La experiencia de una venta 100% garantizada ESTRATEGIA Si est\u00e1 buscando una manera efectiva de llegar a m\u00e1s usuarios y aumentar sus ventas, nuestra herramienta l\u00edder en el mercado de Whatsapp Marketing puede ser la soluci\u00f3n perfecta. Nuestra plataforma busca la oportunidad efectiva de llegar a m\u00e1s usuarios que otras apps de mensajer\u00eda, ofreciendo resultados","protected":false},"author":1,"featured_media":0,"parent":0,"menu_order":0,"comment_status":"closed","ping_status":"closed","template":"","meta":{"ghostkit_customizer_options":"","ghostkit_custom_css":"","ghostkit_custom_js_head":"","ghostkit_custom_js_foot":"","ghostkit_typography":"","footnotes":""},"class_list":["post-4408","page","type-page","status-publish","hentry"],"yoast_head":"<!-- This site is optimized with the Yoast SEO plugin v27.4 - https:\/\/yoast.com\/product\/yoast-seo-wordpress\/ -->\n<title>whatsapp marketing - Icono Studio Gr\u00e1fico<\/title>\n<meta name=\"robots\" content=\"index, follow, max-snippet:-1, max-image-preview:large, max-video-preview:-1\" \/>\n<link rel=\"canonical\" href=\"https:\/\/iconostudiografico.com\/en\/whatsappmarketing\/\" \/>\n<meta property=\"og:locale\" content=\"en_US\" \/>\n<meta property=\"og:type\" content=\"article\" \/>\n<meta property=\"og:title\" content=\"whatsapp marketing - Icono Studio Gr\u00e1fico\" \/>\n<meta property=\"og:url\" content=\"https:\/\/iconostudiografico.com\/en\/whatsappmarketing\/\" \/>\n<meta property=\"og:site_name\" content=\"Icono Studio Gr\u00e1fico\" \/>\n<meta property=\"article:modified_time\" content=\"2024-07-02T01:07:10+00:00\" \/>\n<meta name=\"twitter:card\" content=\"summary_large_image\" \/>\n<meta name=\"twitter:label1\" content=\"Est. reading time\" \/>\n\t<meta name=\"twitter:data1\" content=\"3 minutes\" \/>\n<script type=\"application\/ld+json\" class=\"yoast-schema-graph\">{\"@context\":\"https:\\\/\\\/schema.org\",\"@graph\":[{\"@type\":\"WebPage\",\"@id\":\"https:\\\/\\\/iconostudiografico.com\\\/whatsappmarketing\\\/\",\"url\":\"https:\\\/\\\/iconostudiografico.com\\\/whatsappmarketing\\\/\",\"name\":\"whatsapp marketing - Icono Studio Gr\u00e1fico\",\"isPartOf\":{\"@id\":\"https:\\\/\\\/iconostudiografico.com\\\/#website\"},\"datePublished\":\"2022-10-24T22:42:12+00:00\",\"dateModified\":\"2024-07-02T01:07:10+00:00\",\"breadcrumb\":{\"@id\":\"https:\\\/\\\/iconostudiografico.com\\\/whatsappmarketing\\\/#breadcrumb\"},\"inLanguage\":\"en-US\",\"potentialAction\":[{\"@type\":\"ReadAction\",\"target\":[\"https:\\\/\\\/iconostudiografico.com\\\/whatsappmarketing\\\/\"]}]},{\"@type\":\"BreadcrumbList\",\"@id\":\"https:\\\/\\\/iconostudiografico.com\\\/whatsappmarketing\\\/#breadcrumb\",\"itemListElement\":[{\"@type\":\"ListItem\",\"position\":1,\"name\":\"Home\",\"item\":\"https:\\\/\\\/iconostudiografico.com\\\/\"},{\"@type\":\"ListItem\",\"position\":2,\"name\":\"whatsapp marketing\"}]},{\"@type\":\"WebSite\",\"@id\":\"https:\\\/\\\/iconostudiografico.com\\\/#website\",\"url\":\"https:\\\/\\\/iconostudiografico.com\\\/\",\"name\":\"Icono Studio Gr\u00e1fico\",\"description\":\"Agencia Digital\",\"publisher\":{\"@id\":\"https:\\\/\\\/iconostudiografico.com\\\/#organization\"},\"potentialAction\":[{\"@type\":\"SearchAction\",\"target\":{\"@type\":\"EntryPoint\",\"urlTemplate\":\"https:\\\/\\\/iconostudiografico.com\\\/?s={search_term_string}\"},\"query-input\":{\"@type\":\"PropertyValueSpecification\",\"valueRequired\":true,\"valueName\":\"search_term_string\"}}],\"inLanguage\":\"en-US\"},{\"@type\":\"Organization\",\"@id\":\"https:\\\/\\\/iconostudiografico.com\\\/#organization\",\"name\":\"Icono Studio Gr\u00e1fico\",\"url\":\"https:\\\/\\\/iconostudiografico.com\\\/\",\"logo\":{\"@type\":\"ImageObject\",\"inLanguage\":\"en-US\",\"@id\":\"https:\\\/\\\/iconostudiografico.com\\\/#\\\/schema\\\/logo\\\/image\\\/\",\"url\":\"https:\\\/\\\/iconostudiografico.com\\\/wp-content\\\/uploads\\\/2024\\\/06\\\/Icono-Studio-Grafico4.png\",\"contentUrl\":\"https:\\\/\\\/iconostudiografico.com\\\/wp-content\\\/uploads\\\/2024\\\/06\\\/Icono-Studio-Grafico4.png\",\"width\":200,\"height\":200,\"caption\":\"Icono Studio Gr\u00e1fico\"},\"image\":{\"@id\":\"https:\\\/\\\/iconostudiografico.com\\\/#\\\/schema\\\/logo\\\/image\\\/\"}}]}<\/script>\n<!-- \/ Yoast SEO plugin. -->","yoast_head_json":{"title":"whatsapp marketing - Icono Studio Gr\u00e1fico","robots":{"index":"index","follow":"follow","max-snippet":"max-snippet:-1","max-image-preview":"max-image-preview:large","max-video-preview":"max-video-preview:-1"},"canonical":"https:\/\/iconostudiografico.com\/en\/whatsappmarketing\/","og_locale":"en_US","og_type":"article","og_title":"whatsapp marketing - Icono Studio Gr\u00e1fico","og_url":"https:\/\/iconostudiografico.com\/en\/whatsappmarketing\/","og_site_name":"Icono Studio Gr\u00e1fico","article_modified_time":"2024-07-02T01:07:10+00:00","twitter_card":"summary_large_image","twitter_misc":{"Est. reading time":"3 minutes"},"schema":{"@context":"https:\/\/schema.org","@graph":[{"@type":"WebPage","@id":"https:\/\/iconostudiografico.com\/whatsappmarketing\/","url":"https:\/\/iconostudiografico.com\/whatsappmarketing\/","name":"whatsapp marketing - Icono Studio Gr\u00e1fico","isPartOf":{"@id":"https:\/\/iconostudiografico.com\/#website"},"datePublished":"2022-10-24T22:42:12+00:00","dateModified":"2024-07-02T01:07:10+00:00","breadcrumb":{"@id":"https:\/\/iconostudiografico.com\/whatsappmarketing\/#breadcrumb"},"inLanguage":"en-US","potentialAction":[{"@type":"ReadAction","target":["https:\/\/iconostudiografico.com\/whatsappmarketing\/"]}]},{"@type":"BreadcrumbList","@id":"https:\/\/iconostudiografico.com\/whatsappmarketing\/#breadcrumb","itemListElement":[{"@type":"ListItem","position":1,"name":"Home","item":"https:\/\/iconostudiografico.com\/"},{"@type":"ListItem","position":2,"name":"whatsapp marketing"}]},{"@type":"WebSite","@id":"https:\/\/iconostudiografico.com\/#website","url":"https:\/\/iconostudiografico.com\/","name":"Icono Studio Gr\u00e1fico","description":"Agencia Digital","publisher":{"@id":"https:\/\/iconostudiografico.com\/#organization"},"potentialAction":[{"@type":"SearchAction","target":{"@type":"EntryPoint","urlTemplate":"https:\/\/iconostudiografico.com\/?s={search_term_string}"},"query-input":{"@type":"PropertyValueSpecification","valueRequired":true,"valueName":"search_term_string"}}],"inLanguage":"en-US"},{"@type":"Organization","@id":"https:\/\/iconostudiografico.com\/#organization","name":"Icono Studio Gr\u00e1fico","url":"https:\/\/iconostudiografico.com\/","logo":{"@type":"ImageObject","inLanguage":"en-US","@id":"https:\/\/iconostudiografico.com\/#\/schema\/logo\/image\/","url":"https:\/\/iconostudiografico.com\/wp-content\/uploads\/2024\/06\/Icono-Studio-Grafico4.png","contentUrl":"https:\/\/iconostudiografico.com\/wp-content\/uploads\/2024\/06\/Icono-Studio-Grafico4.png","width":200,"height":200,"caption":"Icono Studio Gr\u00e1fico"},"image":{"@id":"https:\/\/iconostudiografico.com\/#\/schema\/logo\/image\/"}}]}},"_links":{"self":[{"href":"https:\/\/iconostudiografico.com\/en\/wp-json\/wp\/v2\/pages\/4408","targetHints":{"allow":["GET"]}}],"collection":[{"href":"https:\/\/iconostudiografico.com\/en\/wp-json\/wp\/v2\/pages"}],"about":[{"href":"https:\/\/iconostudiografico.com\/en\/wp-json\/wp\/v2\/types\/page"}],"author":[{"embeddable":true,"href":"https:\/\/iconostudiografico.com\/en\/wp-json\/wp\/v2\/users\/1"}],"replies":[{"embeddable":true,"href":"https:\/\/iconostudiografico.com\/en\/wp-json\/wp\/v2\/comments?post=4408"}],"version-history":[{"count":57,"href":"https:\/\/iconostudiografico.com\/en\/wp-json\/wp\/v2\/pages\/4408\/revisions"}],"predecessor-version":[{"id":4771,"href":"https:\/\/iconostudiografico.com\/en\/wp-json\/wp\/v2\/pages\/4408\/revisions\/4771"}],"wp:attachment":[{"href":"https:\/\/iconostudiografico.com\/en\/wp-json\/wp\/v2\/media?parent=4408"}],"curies":[{"name":"wp","href":"https:\/\/api.w.org\/{rel}","templated":true}]}}