{"id":4568,"date":"2023-01-23T12:38:14","date_gmt":"2023-01-23T12:38:14","guid":{"rendered":"https:\/\/iconostudiografico.com\/?page_id=4568"},"modified":"2024-07-02T01:25:12","modified_gmt":"2024-07-02T01:25:12","slug":"cuadros-decorativos","status":"publish","type":"page","link":"https:\/\/iconostudiografico.com\/en\/cuadros-decorativos\/","title":{"rendered":"DECORATIVE PAINTINGS"},"content":{"rendered":"<section  class=\"content-section full-width with-col cover rella-no-padding rella-no-margin    content-section-69e7542e69586\"><div class=\"row vc_row-fluid\"><div class=\"wpb_column col-md-12\"><div class=\"vc_empty_space\"   style=\"height: 70px\" ><span class=\"vc_empty_space_inner\"><\/span><\/div>\n\n\t\t\t<!-- START Slider 3 REVOLUTION SLIDER 6.7.40 --><p class=\"rs-p-wp-fix\"><\/p>\n\t\t\t<rs-module-wrap id=\"rev_slider_8_1_wrapper\" data-source=\"gallery\" style=\"visibility:hidden;background:transparent;padding:0;margin:0px auto;margin-top:0;margin-bottom:0;\">\n\t\t\t\t<rs-module id=\"rev_slider_8_1\" style=\"\" data-version=\"6.7.40\">\n\t\t\t\t\t<rs-slides style=\"overflow: hidden; position: absolute;\">\n\t\t\t\t\t\t<rs-slide style=\"position: absolute;\" data-key=\"rs-38\" data-title=\"Slide\" data-in=\"o:0;\" data-out=\"a:false;\">\n\t\t\t\t\t\t\t<img decoding=\"async\" src=\"\/\/iconostudiografico.com\/wp-content\/plugins\/revslider\/sr6\/assets\/assets\/dummy.png\" alt=\"\" title=\"lienzos\" width=\"1024\" height=\"661\" class=\"rev-slidebg tp-rs-img rs-lazyload\" data-lazyload=\"\/\/iconostudiografico.com\/wp-content\/uploads\/2023\/01\/lienzos.jpg\" data-no-retina>\n<!---->\t\t\t\t\t<\/rs-slide>\n\t\t\t\t\t<\/rs-slides>\n\t\t\t\t<\/rs-module>\n\t\t\t\t<script>\n\t\t\t\t\tsetREVStartSize({c: 'rev_slider_8_1',rl:[1240,1024,778,480],el:[900],gw:[1024],gh:[900],type:'standard',justify:'',layout:'fullwidth',mh:\"0\"});if (window.RS_MODULES!==undefined && window.RS_MODULES.modules!==undefined && window.RS_MODULES.modules[\"revslider81\"]!==undefined) {window.RS_MODULES.modules[\"revslider81\"].once = false;window.revapi8 = undefined;if (window.RS_MODULES.checkMinimal!==undefined) window.RS_MODULES.checkMinimal()}\n\t\t\t\t<\/script>\n\t\t\t<\/rs-module-wrap>\n\t\t\t<!-- END REVOLUTION SLIDER -->\n<div class=\"vc_empty_space\"   style=\"height: 70px\" ><span class=\"vc_empty_space_inner\"><\/span><\/div>\n<\/div><\/div><\/section><section  class=\"content-section full-width with-col cover rella-no-padding rella-no-margin    content-section-69e7542e6cf23\"><div class=\"row vc_row-fluid\"><div class=\"wpb_column col-md-6\"><div class=\"section-text text-block \" ><h4>\u00a1A\u00f1ade un poco de arte a tu vida con un lienzo impreso personalizado!<\/h4>\n<p>Los lienzos impresos personalizados son una forma \u00fanica y especial de decorar tu hogar u oficina. Puedes elegir tus propias fotograf\u00edas o im\u00e1genes favoritas para crear una pieza de arte personalizada que sea perfecta para ti. Los lienzos impresos personalizados son perfectos para regalar o para recordar momentos especiales.<\/p>\n<p>Con la impresi\u00f3n en lienzo, las fotograf\u00edas adquieren una gran calidad y un aspecto m\u00e1s art\u00edstico, haciendo que tu espacio se vea m\u00e1s elegante y profesional.<\/p>\n<\/div><\/div><div class=\"wpb_column col-md-6\">\n\t<div  class=\"wpb_single_image wpb_content_element vc_align_center\">\n\t\t\n\t\t<figure class=\"wpb_wrapper vc_figure\">\n\t\t\t<div class=\"vc_single_image-wrapper   vc_box_border_grey\"><img loading=\"lazy\" decoding=\"async\" width=\"721\" height=\"481\" src=\"https:\/\/iconostudiografico.com\/wp-content\/uploads\/2023\/01\/decoracion-cuadros.png\" class=\"vc_single_image-img attachment-full\" alt=\"\" srcset=\"https:\/\/iconostudiografico.com\/wp-content\/uploads\/2023\/01\/decoracion-cuadros.png 721w, https:\/\/iconostudiografico.com\/wp-content\/uploads\/2023\/01\/decoracion-cuadros-300x200.png 300w, https:\/\/iconostudiografico.com\/wp-content\/uploads\/2023\/01\/decoracion-cuadros-18x12.png 18w\" sizes=\"auto, (max-width: 721px) 100vw, 721px\" \/><\/div>\n\t\t<\/figure>\n\t<\/div>\n<\/div><\/div><\/section><section  class=\"content-section full-width with-col cover rella-no-padding rella-no-margin    content-section-69e7542e6d764\"><div class=\"row vc_row-fluid\"><div class=\"wpb_column col-md-4\">\n\t<div  class=\"wpb_single_image wpb_content_element vc_align_center\">\n\t\t<h2 class=\"wpb_heading wpb_singleimage_heading\">Lienzo una pieza<\/h2>\n\t\t<figure class=\"wpb_wrapper vc_figure\">\n\t\t\t<div class=\"vc_single_image-wrapper   vc_box_border_grey\"><img loading=\"lazy\" decoding=\"async\" width=\"300\" height=\"300\" src=\"https:\/\/iconostudiografico.com\/wp-content\/uploads\/2023\/01\/lienzo-una-pieza.png\" class=\"vc_single_image-img attachment-full\" alt=\"\" srcset=\"https:\/\/iconostudiografico.com\/wp-content\/uploads\/2023\/01\/lienzo-una-pieza.png 300w, https:\/\/iconostudiografico.com\/wp-content\/uploads\/2023\/01\/lienzo-una-pieza-150x150.png 150w, https:\/\/iconostudiografico.com\/wp-content\/uploads\/2023\/01\/lienzo-una-pieza-12x12.png 12w\" sizes=\"auto, (max-width: 300px) 100vw, 300px\" \/><\/div>\n\t\t<\/figure>\n\t<\/div>\n<\/div><div class=\"wpb_column col-md-4\">\n\t<div  class=\"wpb_single_image wpb_content_element vc_align_center\">\n\t\t<h2 class=\"wpb_heading wpb_singleimage_heading\">Lienzo dos piezas<\/h2>\n\t\t<figure class=\"wpb_wrapper vc_figure\">\n\t\t\t<div class=\"vc_single_image-wrapper   vc_box_border_grey\"><img loading=\"lazy\" decoding=\"async\" width=\"300\" height=\"300\" src=\"https:\/\/iconostudiografico.com\/wp-content\/uploads\/2023\/01\/lienzo-dos-piezas.png\" class=\"vc_single_image-img attachment-full\" alt=\"\" srcset=\"https:\/\/iconostudiografico.com\/wp-content\/uploads\/2023\/01\/lienzo-dos-piezas.png 300w, https:\/\/iconostudiografico.com\/wp-content\/uploads\/2023\/01\/lienzo-dos-piezas-150x150.png 150w, https:\/\/iconostudiografico.com\/wp-content\/uploads\/2023\/01\/lienzo-dos-piezas-12x12.png 12w\" sizes=\"auto, (max-width: 300px) 100vw, 300px\" \/><\/div>\n\t\t<\/figure>\n\t<\/div>\n<\/div><div class=\"wpb_column col-md-4\">\n\t<div  class=\"wpb_single_image wpb_content_element vc_align_center\">\n\t\t<h2 class=\"wpb_heading wpb_singleimage_heading\">Lienzo tres piezas<\/h2>\n\t\t<figure class=\"wpb_wrapper vc_figure\">\n\t\t\t<div class=\"vc_single_image-wrapper   vc_box_border_grey\"><img loading=\"lazy\" decoding=\"async\" width=\"300\" height=\"300\" src=\"https:\/\/iconostudiografico.com\/wp-content\/uploads\/2023\/01\/lienzo-tres-piezas.png\" class=\"vc_single_image-img attachment-full\" alt=\"\" srcset=\"https:\/\/iconostudiografico.com\/wp-content\/uploads\/2023\/01\/lienzo-tres-piezas.png 300w, https:\/\/iconostudiografico.com\/wp-content\/uploads\/2023\/01\/lienzo-tres-piezas-150x150.png 150w, https:\/\/iconostudiografico.com\/wp-content\/uploads\/2023\/01\/lienzo-tres-piezas-12x12.png 12w\" sizes=\"auto, (max-width: 300px) 100vw, 300px\" \/><\/div>\n\t\t<\/figure>\n\t<\/div>\n<\/div><\/div><\/section><section  class=\"content-section full-width with-col cover rella-no-padding rella-no-margin    content-section-69e7542e6ea9a\"><div class=\"row vc_row-fluid\"><div class=\"wpb_column col-md-12\"><div class=\"section-text text-block \" ><p>&#8220;Ofrecemos una amplia variedad de motivos para decorar su hogar u oficina. Usted puede elegir cualquier motivo y nuestra agencia se encargar\u00e1 de adaptarlo al tama\u00f1o que desee en uno o varios cuadros.<br \/>\nEstamos seguros de que encontrar\u00e1 el que se adapte a su estilo y gustos.No dude en contactarnos para obtener m\u00e1s informaci\u00f3n o para hacer una solicitud espec\u00edfica.&#8221;<\/p>\n<\/div>\n\t<div  class=\"wpb_single_image wpb_content_element vc_align_center\">\n\t\t\n\t\t<figure class=\"wpb_wrapper vc_figure\">\n\t\t\t<div class=\"vc_single_image-wrapper   vc_box_border_grey\"><img loading=\"lazy\" decoding=\"async\" width=\"1024\" height=\"425\" src=\"https:\/\/iconostudiografico.com\/wp-content\/uploads\/2023\/01\/lienzos-sala.png\" class=\"vc_single_image-img attachment-full\" alt=\"\" srcset=\"https:\/\/iconostudiografico.com\/wp-content\/uploads\/2023\/01\/lienzos-sala.png 1024w, https:\/\/iconostudiografico.com\/wp-content\/uploads\/2023\/01\/lienzos-sala-300x125.png 300w, https:\/\/iconostudiografico.com\/wp-content\/uploads\/2023\/01\/lienzos-sala-18x7.png 18w\" sizes=\"auto, (max-width: 1024px) 100vw, 1024px\" \/><\/div>\n\t\t<\/figure>\n\t<\/div>\n<div class=\"vc_empty_space\"   style=\"height: 70px\" ><span class=\"vc_empty_space_inner\"><\/span><\/div>\n<\/div><\/div><\/section><section  class=\"content-section full-width with-col cover rella-no-padding rella-no-margin    content-section-69e7542e6f349\"><div class=\"row vc_row-fluid\"><div class=\"wpb_column col-md-6\"><div  class=\"full-block align-center\" ><img loading=\"lazy\" decoding=\"async\"  src=\"https:\/\/iconostudiografico.com\/wp-content\/uploads\/2023\/01\/lienzo-azul.png\"  width=\"400\" height=\"400\" alt=\"\" title=\"\" \/><\/div><h2  class=\"section-title  mb-70 mb-sm-40 font-alt align-left\" >Revisa nuestro cat\u00e1logo y encontrar\u00e1s una variedad de dise\u00f1os que se pueden adaptar a tu estilo y gustos.<\/h2><\/div><div class=\"wpb_column col-md-6 align-center\"><div class=\"section-text text-block align-center\" >\n            <div \n                class=\"elfsight-widget-pdf-embed elfsight-widget\" \n                data-elfsight-pdf-embed-options=\"%7B%22files%22%3A%5B%7B%22link%22%3A%22https%3A%5C%2F%5C%2Ficonostudiografico.com%5C%2Fwp-content%5C%2Fuploads%5C%2F2023%5C%2F01%5C%2FCatalogo-cuadros-icono.pdf%22%2C%22name%22%3A%22Cat%5Cu00e1logo%22%2C%22previewImage%22%3Anull%7D%5D%2C%22widgetTitle%22%3A%22Docs%20to%20download%22%2C%22layout%22%3A%22viewer%22%2C%22showIcon%22%3Atrue%2C%22icon%22%3A%22icon-1%22%2C%22previewImageSize%22%3A30%2C%22showDownloadLink%22%3Atrue%2C%22downloadLinkText%22%3A%22Download%22%2C%22width%22%3A800%2C%22heightFactor%22%3A1.41%2C%22iconColor%22%3A%22rgb%28222%2C%2043%2C%2051%29%22%2C%22nameColor%22%3A%22rgb%2817%2C%2017%2C%2017%29%22%2C%22downloadColor%22%3A%22rgb%2828%2C%20145%2C%20255%29%22%2C%22backgroundColor%22%3Anull%2C%22fileBackgroundColor%22%3Anull%2C%22widgetTitleColor%22%3A%22rgb%2817%2C%2017%2C%2017%29%22%2C%22nameFontSize%22%3A15%2C%22downloadFontSize%22%3A13%2C%22widgetTitleFontSize%22%3A20%2C%22widgetId%22%3A%222%22%7D\" \n                data-elfsight-pdf-embed-version=\"1.1.1\"\n                data-elfsight-widget-id=\"elfsight-pdf-embed-2\">\n            <\/div>\n            \n<\/div><\/div><\/div><\/section><section  class=\"content-section full-width with-col cover rella-no-padding rella-no-margin    content-section-69e7542e6f8d8\"><div class=\"row vc_row-fluid\"><div class=\"wpb_column col-md-12\"><div class=\"vc_empty_space\"   style=\"height: 70px\" ><span class=\"vc_empty_space_inner\"><\/span><\/div>\n<div class=\"section-text text-block \" ><div  class=\"newsletter-wrapper elegant-newsletter\"><div class=\"row\"><div class=\"col-md-4\"><div class=\"newsletter-label newsletter-label-style2\"><h5>Te interesa alguno de nuestros productos y servicios<br \/>\n<strong>Comun\u00edcate con nosotros<\/strong><\/h5><h6>Nos cont\u00e1ctaremos enseguida!<\/h6><\/div><\/div><!-- \/.col-md-4 --><div class=\"col-md-6 pb-50 right sm-float-none\"><div class=\" mt-70 mt-xs-0 mb-10\">\n<div class=\"wpcf7 no-js\" id=\"wpcf7-f2914-o1\" lang=\"en-US\" dir=\"ltr\" data-wpcf7-id=\"2914\">\n<div class=\"screen-reader-response\"><p role=\"status\" aria-live=\"polite\" aria-atomic=\"true\"><\/p> <ul><\/ul><\/div>\n<form action=\"\/en\/wp-json\/wp\/v2\/pages\/4568#wpcf7-f2914-o1\" method=\"post\" class=\"wpcf7-form init Aweber-ext-026.04.01.2055\" aria-label=\"Contact form\" novalidate=\"novalidate\" data-status=\"init\">\n<fieldset class=\"hidden-fields-container\"><input type=\"hidden\" name=\"_wpcf7\" value=\"2914\" \/><input type=\"hidden\" name=\"_wpcf7_version\" value=\"6.1.5\" \/><input type=\"hidden\" name=\"_wpcf7_locale\" value=\"en_US\" \/><input type=\"hidden\" name=\"_wpcf7_unit_tag\" value=\"wpcf7-f2914-o1\" \/><input type=\"hidden\" name=\"_wpcf7_container_post\" value=\"0\" \/><input type=\"hidden\" name=\"_wpcf7_posted_data_hash\" value=\"\" \/>\n<\/fieldset>\n<div class=\"row\">\n\t<div class=\"col-md-4\">\n\t\t<div class=\"form-group\">\n\t\t\t<p><span class=\"wpcf7-form-control-wrap\" data-name=\"text-267\"><input size=\"40\" maxlength=\"400\" class=\"wpcf7-form-control wpcf7-text wpcf7-validates-as-required input-md round form-control\" id=\"name\" aria-required=\"true\" aria-invalid=\"false\" placeholder=\"Nombre\" value=\"\" type=\"text\" name=\"text-267\" \/><\/span>\n\t\t\t<\/p>\n\t\t<\/div>\n\t<\/div>\n\t<div class=\"col-md-4\">\n\t\t<div class=\"form-group\">\n\t\t\t<p><span class=\"wpcf7-form-control-wrap\" data-name=\"email-674\"><input size=\"40\" maxlength=\"400\" class=\"wpcf7-form-control wpcf7-email wpcf7-validates-as-required wpcf7-text wpcf7-validates-as-email input-md round form-control\" id=\"email\" aria-required=\"true\" aria-invalid=\"false\" placeholder=\"Email\" value=\"\" type=\"email\" name=\"email-674\" \/><\/span>\n\t\t\t<\/p>\n\t\t<\/div>\n\t<\/div>\n\t<div class=\"col-md-4\">\n\t\t<div class=\"form-group\">\n\t\t\t<p><span class=\"wpcf7-form-control-wrap\" data-name=\"tel-0\"><input size=\"40\" maxlength=\"400\" class=\"wpcf7-form-control wpcf7-tel wpcf7-text wpcf7-validates-as-tel input-md round form-control\" id=\"phone\" aria-invalid=\"false\" placeholder=\"Cel\/Telf\" value=\"\" type=\"tel\" name=\"tel-0\" \/><\/span>\n\t\t\t<\/p>\n\t\t<\/div>\n\t<\/div>\n\t<div class=\"col-md-12\">\n\t\t<div class=\"form-group\">\n\t\t\t<p><span class=\"wpcf7-form-control-wrap\" data-name=\"textarea-282\"><textarea cols=\"40\" rows=\"10\" maxlength=\"2000\" class=\"wpcf7-form-control wpcf7-textarea wpcf7-validates-as-required input-md round form-control\" id=\"Message\" aria-required=\"true\" aria-invalid=\"false\" placeholder=\"Mensaje\" name=\"textarea-282\"><\/textarea><\/span>\n\t\t\t<\/p>\n\t\t<\/div>\n\t<\/div>\n\t<div class=\"col-md-12\">\n\t\t<p><input class=\"wpcf7-form-control wpcf7-submit has-spinner submit_btn btn btn-mod btn-medium btn-round\" id=\"submit_btn\" type=\"submit\" value=\"Enviar Mensaje\" \/>\n\t\t<\/p>\n\t<\/div>\n<\/div><p style=\"display: none !important;\" class=\"akismet-fields-container\" data-prefix=\"_wpcf7_ak_\"><label>&#916;<textarea name=\"_wpcf7_ak_hp_textarea\" cols=\"45\" rows=\"8\" maxlength=\"100\"><\/textarea><\/label><input type=\"hidden\" id=\"ak_js_1\" name=\"_wpcf7_ak_js\" value=\"194\"\/><script>document.getElementById( \"ak_js_1\" ).setAttribute( \"value\", ( new Date() ).getTime() );<\/script><\/p><div class=\"wpcf7-response-output\" aria-hidden=\"true\"><\/div>\n<\/form>\n<\/div>\n<\/div><div class=\"form-tip\"><i class=\"fa fa-info-circle\"><\/i>Por favor conf\u00eda en nosotros, nunca te enviar\u00edamos un spam<\/div><\/div><!-- \/.col-md-6 --><\/div><\/div>\n<\/div><\/div><\/div><\/section><section  class=\"content-section full-width with-col cover rella-no-padding rella-no-margin    content-section-69e7542e70499\"><div class=\"row vc_row-fluid\"><div class=\"wpb_column col-md-12\"><\/div><\/div><\/section>\n","protected":false},"excerpt":{"rendered":"setREVStartSize({c: 'rev_slider_8_2',rl:[1240,1024,778,480],el:[900],gw:[1024],gh:[900],type:'standard',justify:'',layout:'fullwidth',mh:\"0\"});if (window.RS_MODULES!==undefined && window.RS_MODULES.modules!==undefined && window.RS_MODULES.modules[\"revslider82\"]!==undefined) {window.RS_MODULES.modules[\"revslider82\"].once = false;window.revapi8_2 = undefined;if (window.RS_MODULES.checkMinimal!==undefined) window.RS_MODULES.checkMinimal()} \u00a1A\u00f1ade un poco de arte a tu vida con un lienzo impreso personalizado! Los lienzos impresos personalizados son una forma \u00fanica y especial de decorar tu hogar u oficina. Puedes elegir tus propias fotograf\u00edas o im\u00e1genes favoritas para crear una pieza","protected":false},"author":1,"featured_media":0,"parent":0,"menu_order":0,"comment_status":"closed","ping_status":"closed","template":"","meta":{"ghostkit_customizer_options":"","ghostkit_custom_css":"","ghostkit_custom_js_head":"","ghostkit_custom_js_foot":"","ghostkit_typography":"","footnotes":""},"class_list":["post-4568","page","type-page","status-publish","hentry"],"yoast_head":"<!-- This site is optimized with the Yoast SEO plugin v27.4 - https:\/\/yoast.com\/product\/yoast-seo-wordpress\/ -->\n<title>Cuadros decorativos - Icono Studio Gr\u00e1fico<\/title>\n<meta name=\"robots\" content=\"index, follow, max-snippet:-1, max-image-preview:large, max-video-preview:-1\" \/>\n<link rel=\"canonical\" href=\"https:\/\/iconostudiografico.com\/en\/cuadros-decorativos\/\" \/>\n<meta property=\"og:locale\" content=\"en_US\" \/>\n<meta property=\"og:type\" content=\"article\" \/>\n<meta property=\"og:title\" content=\"Cuadros decorativos - Icono Studio Gr\u00e1fico\" \/>\n<meta property=\"og:url\" content=\"https:\/\/iconostudiografico.com\/en\/cuadros-decorativos\/\" \/>\n<meta property=\"og:site_name\" content=\"Icono Studio Gr\u00e1fico\" \/>\n<meta property=\"article:modified_time\" content=\"2024-07-02T01:25:12+00:00\" \/>\n<meta name=\"twitter:card\" content=\"summary_large_image\" \/>\n<meta name=\"twitter:label1\" content=\"Est. reading time\" \/>\n\t<meta name=\"twitter:data1\" content=\"2 minutes\" \/>\n<script type=\"application\/ld+json\" class=\"yoast-schema-graph\">{\"@context\":\"https:\\\/\\\/schema.org\",\"@graph\":[{\"@type\":\"WebPage\",\"@id\":\"https:\\\/\\\/iconostudiografico.com\\\/cuadros-decorativos\\\/\",\"url\":\"https:\\\/\\\/iconostudiografico.com\\\/cuadros-decorativos\\\/\",\"name\":\"Cuadros decorativos - Icono Studio Gr\u00e1fico\",\"isPartOf\":{\"@id\":\"https:\\\/\\\/iconostudiografico.com\\\/#website\"},\"datePublished\":\"2023-01-23T12:38:14+00:00\",\"dateModified\":\"2024-07-02T01:25:12+00:00\",\"breadcrumb\":{\"@id\":\"https:\\\/\\\/iconostudiografico.com\\\/cuadros-decorativos\\\/#breadcrumb\"},\"inLanguage\":\"en-US\",\"potentialAction\":[{\"@type\":\"ReadAction\",\"target\":[\"https:\\\/\\\/iconostudiografico.com\\\/cuadros-decorativos\\\/\"]}]},{\"@type\":\"BreadcrumbList\",\"@id\":\"https:\\\/\\\/iconostudiografico.com\\\/cuadros-decorativos\\\/#breadcrumb\",\"itemListElement\":[{\"@type\":\"ListItem\",\"position\":1,\"name\":\"Home\",\"item\":\"https:\\\/\\\/iconostudiografico.com\\\/\"},{\"@type\":\"ListItem\",\"position\":2,\"name\":\"Cuadros decorativos\"}]},{\"@type\":\"WebSite\",\"@id\":\"https:\\\/\\\/iconostudiografico.com\\\/#website\",\"url\":\"https:\\\/\\\/iconostudiografico.com\\\/\",\"name\":\"Icono Studio Gr\u00e1fico\",\"description\":\"Agencia Digital\",\"publisher\":{\"@id\":\"https:\\\/\\\/iconostudiografico.com\\\/#organization\"},\"potentialAction\":[{\"@type\":\"SearchAction\",\"target\":{\"@type\":\"EntryPoint\",\"urlTemplate\":\"https:\\\/\\\/iconostudiografico.com\\\/?s={search_term_string}\"},\"query-input\":{\"@type\":\"PropertyValueSpecification\",\"valueRequired\":true,\"valueName\":\"search_term_string\"}}],\"inLanguage\":\"en-US\"},{\"@type\":\"Organization\",\"@id\":\"https:\\\/\\\/iconostudiografico.com\\\/#organization\",\"name\":\"Icono Studio Gr\u00e1fico\",\"url\":\"https:\\\/\\\/iconostudiografico.com\\\/\",\"logo\":{\"@type\":\"ImageObject\",\"inLanguage\":\"en-US\",\"@id\":\"https:\\\/\\\/iconostudiografico.com\\\/#\\\/schema\\\/logo\\\/image\\\/\",\"url\":\"https:\\\/\\\/iconostudiografico.com\\\/wp-content\\\/uploads\\\/2024\\\/06\\\/Icono-Studio-Grafico4.png\",\"contentUrl\":\"https:\\\/\\\/iconostudiografico.com\\\/wp-content\\\/uploads\\\/2024\\\/06\\\/Icono-Studio-Grafico4.png\",\"width\":200,\"height\":200,\"caption\":\"Icono Studio Gr\u00e1fico\"},\"image\":{\"@id\":\"https:\\\/\\\/iconostudiografico.com\\\/#\\\/schema\\\/logo\\\/image\\\/\"}}]}<\/script>\n<!-- \/ Yoast SEO plugin. -->","yoast_head_json":{"title":"Cuadros decorativos - Icono Studio Gr\u00e1fico","robots":{"index":"index","follow":"follow","max-snippet":"max-snippet:-1","max-image-preview":"max-image-preview:large","max-video-preview":"max-video-preview:-1"},"canonical":"https:\/\/iconostudiografico.com\/en\/cuadros-decorativos\/","og_locale":"en_US","og_type":"article","og_title":"Cuadros decorativos - Icono Studio Gr\u00e1fico","og_url":"https:\/\/iconostudiografico.com\/en\/cuadros-decorativos\/","og_site_name":"Icono Studio Gr\u00e1fico","article_modified_time":"2024-07-02T01:25:12+00:00","twitter_card":"summary_large_image","twitter_misc":{"Est. reading time":"2 minutes"},"schema":{"@context":"https:\/\/schema.org","@graph":[{"@type":"WebPage","@id":"https:\/\/iconostudiografico.com\/cuadros-decorativos\/","url":"https:\/\/iconostudiografico.com\/cuadros-decorativos\/","name":"Cuadros decorativos - Icono Studio Gr\u00e1fico","isPartOf":{"@id":"https:\/\/iconostudiografico.com\/#website"},"datePublished":"2023-01-23T12:38:14+00:00","dateModified":"2024-07-02T01:25:12+00:00","breadcrumb":{"@id":"https:\/\/iconostudiografico.com\/cuadros-decorativos\/#breadcrumb"},"inLanguage":"en-US","potentialAction":[{"@type":"ReadAction","target":["https:\/\/iconostudiografico.com\/cuadros-decorativos\/"]}]},{"@type":"BreadcrumbList","@id":"https:\/\/iconostudiografico.com\/cuadros-decorativos\/#breadcrumb","itemListElement":[{"@type":"ListItem","position":1,"name":"Home","item":"https:\/\/iconostudiografico.com\/"},{"@type":"ListItem","position":2,"name":"Cuadros decorativos"}]},{"@type":"WebSite","@id":"https:\/\/iconostudiografico.com\/#website","url":"https:\/\/iconostudiografico.com\/","name":"Icono Studio Gr\u00e1fico","description":"Agencia Digital","publisher":{"@id":"https:\/\/iconostudiografico.com\/#organization"},"potentialAction":[{"@type":"SearchAction","target":{"@type":"EntryPoint","urlTemplate":"https:\/\/iconostudiografico.com\/?s={search_term_string}"},"query-input":{"@type":"PropertyValueSpecification","valueRequired":true,"valueName":"search_term_string"}}],"inLanguage":"en-US"},{"@type":"Organization","@id":"https:\/\/iconostudiografico.com\/#organization","name":"Icono Studio Gr\u00e1fico","url":"https:\/\/iconostudiografico.com\/","logo":{"@type":"ImageObject","inLanguage":"en-US","@id":"https:\/\/iconostudiografico.com\/#\/schema\/logo\/image\/","url":"https:\/\/iconostudiografico.com\/wp-content\/uploads\/2024\/06\/Icono-Studio-Grafico4.png","contentUrl":"https:\/\/iconostudiografico.com\/wp-content\/uploads\/2024\/06\/Icono-Studio-Grafico4.png","width":200,"height":200,"caption":"Icono Studio Gr\u00e1fico"},"image":{"@id":"https:\/\/iconostudiografico.com\/#\/schema\/logo\/image\/"}}]}},"_links":{"self":[{"href":"https:\/\/iconostudiografico.com\/en\/wp-json\/wp\/v2\/pages\/4568","targetHints":{"allow":["GET"]}}],"collection":[{"href":"https:\/\/iconostudiografico.com\/en\/wp-json\/wp\/v2\/pages"}],"about":[{"href":"https:\/\/iconostudiografico.com\/en\/wp-json\/wp\/v2\/types\/page"}],"author":[{"embeddable":true,"href":"https:\/\/iconostudiografico.com\/en\/wp-json\/wp\/v2\/users\/1"}],"replies":[{"embeddable":true,"href":"https:\/\/iconostudiografico.com\/en\/wp-json\/wp\/v2\/comments?post=4568"}],"version-history":[{"count":55,"href":"https:\/\/iconostudiografico.com\/en\/wp-json\/wp\/v2\/pages\/4568\/revisions"}],"predecessor-version":[{"id":4781,"href":"https:\/\/iconostudiografico.com\/en\/wp-json\/wp\/v2\/pages\/4568\/revisions\/4781"}],"wp:attachment":[{"href":"https:\/\/iconostudiografico.com\/en\/wp-json\/wp\/v2\/media?parent=4568"}],"curies":[{"name":"wp","href":"https:\/\/api.w.org\/{rel}","templated":true}]}}